{"id":9855,"date":"2021-11-11T13:49:48","date_gmt":"2021-11-11T13:49:48","guid":{"rendered":"https:\/\/miaclinics.com\/?page_id=9855"},"modified":"2025-12-17T08:07:46","modified_gmt":"2025-12-17T08:07:46","slug":"pb-serum","status":"publish","type":"page","link":"https:\/\/drattilaaydin.com\/de\/pb-serum\/","title":{"rendered":"PB Serum"},"content":{"rendered":"\t\t<div data-elementor-type=\"wp-page\" data-elementor-id=\"9855\" class=\"elementor elementor-9855\" data-elementor-settings=\"[]\">\n\t\t\t\t\t\t<div class=\"elementor-inner\">\n\t\t\t\t\t\t\t<div class=\"elementor-section-wrap\">\n\t\t\t\t\t\t\t<section class=\"elementor-section elementor-top-section elementor-element elementor-element-e7aa142 qodef-elementor-content-grid elementor-section-boxed elementor-section-height-default elementor-section-height-default\" data-id=\"e7aa142\" data-element_type=\"section\">\n\t\t\t\t\t\t<div class=\"elementor-container elementor-column-gap-default\">\n\t\t\t\t\t\t\t<div class=\"elementor-row\">\n\t\t\t\t\t<div class=\"elementor-column elementor-col-100 elementor-top-column elementor-element elementor-element-2eda24f\" data-id=\"2eda24f\" data-element_type=\"column\">\n\t\t\t<div class=\"elementor-column-wrap elementor-element-populated\">\n\t\t\t\t\t\t\t<div class=\"elementor-widget-wrap\">\n\t\t\t\t\t\t<div class=\"elementor-element elementor-element-16d2995 elementor-widget elementor-widget-text-editor\" data-id=\"16d2995\" data-element_type=\"widget\" data-widget_type=\"text-editor.default\">\n\t\t\t\t<div class=\"elementor-widget-container\">\n\t\t\t\t\t<div class=\"elementor-text-editor elementor-clearfix\"><h2><strong>Evolution mit Enzymen: PB Serum<\/strong><\/h2><p><strong>PB Serum<\/strong> ist eine innovative Enzym-Therapie, die mit einem <strong>minimal-invasiven Verfahren<\/strong> durchgef\u00fchrt wird. Sie geh\u00f6rt zur neuen Generation \u00e4sthetischer Behandlungen, die <strong>Fettabbau, Hautstraffung und Geweberegeneration<\/strong> auf schonende Weise erm\u00f6glichen. Erste Ergebnisse sind bereits nach kurzer Zeit sichtbar.<\/p><h3><strong>Was ist PB Serum?<\/strong><\/h3><p>Enzyme spielen eine zentrale Rolle im Gleichgewicht des K\u00f6rpers und sind f\u00fcr viele Zellreaktionen verantwortlich.<br \/>PB Serum enth\u00e4lt eine spezielle Kombination aus drei Hauptenzymen \u2013 <strong>Lipase, Kollagenase und Hyaluronidase<\/strong> \u2013 die gemeinsam die Hautstruktur verbessern, straffen und regenerieren.<\/p><ul><li><strong>Lipase<\/strong> hilft, lokale Fettdepots abzubauen.<\/li><li><strong>Kollagenase<\/strong> stimuliert die Kollagenneubildung und unterst\u00fctzt die Gewebereparatur.<\/li><li><strong>Hyaluronidase<\/strong> verbessert die Feuchtigkeitsbalance und die Elastizit\u00e4t der Haut.<\/li><\/ul><p>Zus\u00e4tzlich wird <strong>Keratinase<\/strong>, ein Enzym, das h\u00e4ufig in kosmetischen Produkten vorkommt, zur Optimierung der Hautstruktur eingesetzt.<\/p><h3><strong>Wie wirkt PB Serum?<\/strong><\/h3><p>PB Serum ist in <strong>drei Varianten<\/strong> erh\u00e4ltlich \u2013 <strong>Low<\/strong>, <strong>Medium<\/strong> und <strong>High<\/strong> \u2013 je nach Behandlungsziel und Hautzustand:<\/p><ul><li><strong>PB Serum Low<\/strong><br \/>Wird haupts\u00e4chlich im <strong>Gesichts- und Augenbereich<\/strong> Es reduziert <strong>Tr\u00e4<\/strong><strong>nens<\/strong><strong>\u00e4<\/strong><strong>cke<\/strong>, verbessert die Mikrozirkulation und sorgt f\u00fcr ein <strong>frischeres, wacheres Erscheinungsbild<\/strong>.<\/li><li><strong>PB Serum Medium<\/strong><br \/>Geeignet f\u00fcr K\u00f6rperregionen mit <strong>lokaler Fettansammlung<\/strong> wie <strong>Doppelkinn, Arme, Bauch oder Oberschenkel<\/strong>. Es unterst\u00fctzt den <strong>Abbau von Fettzellen<\/strong>, <strong>strafft die Haut<\/strong> und <strong>verbessert die Kontur<\/strong>.<br \/><em>PB Serum Doppelkinn-Behandlungen erzielen besonders erfolgreiche Ergebnisse f<\/em><em>\u00fc<\/em><em>r eine definierte Kinnlinie.<\/em><\/li><li><strong>PB Serum High<\/strong><br \/>Mit einem <strong>h<\/strong><strong>\u00f6<\/strong><strong>heren Kollagenase-Anteil<\/strong> ideal f\u00fcr die Behandlung von <strong>Dehnungsstreifen, Narben, erschlafftem Gewebe oder Hautalterung<\/strong>. Es regt die <strong>Kollagenneubildung<\/strong> an und kann auch bei <strong>Keloiden oder hypertrophen Narben<\/strong> eingesetzt werden.<\/li><\/ul><p>Die Resultate k\u00f6nnen je nach Hauttyp variieren und h\u00e4ngen stark von der Erfahrung des behandelnden Arztes ab.<br \/>Bei <strong>MiaClinics<\/strong> werden alle PB Serum-Behandlungen ausschlie\u00dflich von <strong>erfahrenen Fach<\/strong><strong>\u00e4<\/strong><strong>rzten<\/strong> durchgef\u00fchrt.<\/p><h3><strong>F\u00fc<\/strong><strong>r wen ist PB Serum geeignet?<\/strong><\/h3><p>PB Serum eignet sich f\u00fcr Patientinnen und Patienten, die <strong>sichtbare Ergebnisse mit weniger Sitzungen<\/strong> w\u00fcnschen als bei herk\u00f6mmlicher Mesotherapie.<\/p><p>Die Behandlung kann helfen bei:<\/p><ul><li>Doppelkinn und Gesichtsfett<\/li><li>Feinen Linien und Falten<\/li><li>Augenpartie-Regeneration<\/li><li>Hyperpigmentierung und ungleichm\u00e4\u00dfigem Hautton<\/li><li>Seborrhoischer Dermatitis und Hyperkeratose<\/li><li>M\u00fcder, rauchgesch\u00e4digter Haut<\/li><li>K\u00f6rperfett und Cellulite<\/li><li>Akne-Narben, Keloiden und Gewebeverh\u00e4rtungen<\/li><li>Dehnungsstreifen (Striae)<\/li><li>Lipomen (gutartige Fettkn\u00f6tchen)<\/li><\/ul><h3><strong>Sicherheit und m<\/strong><strong>\u00f6<\/strong><strong>gliche Nebenwirkungen<\/strong><\/h3><p>PB Serum gilt als <strong>sehr gut vertr<\/strong><strong>\u00e4<\/strong><strong>glich<\/strong>.<br \/>Seltene Nebenwirkungen k\u00f6nnen <strong>R<\/strong><strong>\u00f6<\/strong><strong>tung, Schwellung oder Druckempfindlichkeit<\/strong> an der Injektionsstelle sein, die meist nach wenigen Tagen abklingen.<br \/>In sehr seltenen F\u00e4llen kann es zu <strong>Entz<\/strong><strong>\u00fc<\/strong><strong>ndungen oder allergischen Reaktionen<\/strong> kommen.<br \/>Vor der Behandlung bespricht Ihr Arzt alle Details, Risiken und die richtige Nachsorge mit Ihnen.<\/p><h3><strong>PB Serum Preis<\/strong><\/h3><p>PB Serum ist <strong>hochwertiger als herk<\/strong><strong>\u00f6<\/strong><strong>mmliche Mesotherapie<\/strong>, da es mit modernster <strong>Enzym-Biotechnologie<\/strong> hergestellt wird und zus\u00e4tzliche Vorteile bietet.<\/p><p>Der <strong>Preis<\/strong> h\u00e4ngt von der <strong>behandelten Region<\/strong>, dem <strong>gew<\/strong><strong>\u00fc<\/strong><strong>nschten Ergebnis<\/strong> und der <strong>erforderlichen Anzahl der Sitzungen<\/strong> ab, die individuell von Ihrem Arzt empfohlen werden.<\/p><p>Obwohl PB Serum etwas teurer ist als klassische Mesotherapie, ist es eine <strong>deutlich schonendere und g<\/strong><strong>\u00fc<\/strong><strong>nstigere Alternative zu plastischer Chirurgie<\/strong> \u2013 mit <strong>minimaler Ausfallzeit<\/strong>.<br \/>Sie k\u00f6nnen Ihren Alltag unmittelbar nach der Behandlung fortsetzen, unter Ber\u00fccksichtigung der Empfehlungen Ihres Arztes.<\/p><\/div>\n\t\t\t\t<\/div>\n\t\t\t\t<\/div>\n\t\t\t\t\t\t<\/div>\n\t\t\t\t\t<\/div>\n\t\t<\/div>\n\t\t\t\t\t\t\t\t<\/div>\n\t\t\t\t\t<\/div>\n\t\t<\/section>\n\t\t\t\t<section class=\"elementor-section elementor-top-section elementor-element elementor-element-2aa7576 elementor-section-full_width elementor-section-height-default elementor-section-height-default qodef-elementor-content-no\" data-id=\"2aa7576\" data-element_type=\"section\" data-settings=\"{&quot;background_background&quot;:&quot;classic&quot;}\">\n\t\t\t\t\t\t<div class=\"elementor-container elementor-column-gap-default\">\n\t\t\t\t\t\t\t<div class=\"elementor-row\">\n\t\t\t\t\t<div class=\"elementor-column elementor-col-50 elementor-top-column elementor-element elementor-element-abe1d81\" data-id=\"abe1d81\" data-element_type=\"column\" data-settings=\"{&quot;background_background&quot;:&quot;classic&quot;}\">\n\t\t\t<div class=\"elementor-column-wrap elementor-element-populated\">\n\t\t\t\t\t\t\t<div class=\"elementor-widget-wrap\">\n\t\t\t\t\t\t<div class=\"elementor-element elementor-element-11d3d06 elementor-widget elementor-widget-touchup_core_section_title\" data-id=\"11d3d06\" data-element_type=\"widget\" data-widget_type=\"touchup_core_section_title.default\">\n\t\t\t\t<div class=\"elementor-widget-container\">\n\t\t\t<div class=\"qodef-shortcode qodef-m  qodef-section-title qodef-alignment--left  \">\n\t\t<h2 class=\"qodef-m-title\" >\n\t\t\t\t\tKontakt aufnehmen\t\t\t<\/h2>\n\t<\/div>\t\t<\/div>\n\t\t\t\t<\/div>\n\t\t\t\t<div class=\"elementor-element elementor-element-b387d45 elementor-widget elementor-widget-touchup_core_custom_font\" data-id=\"b387d45\" data-element_type=\"widget\" data-widget_type=\"touchup_core_custom_font.default\">\n\t\t\t\t<div class=\"elementor-widget-container\">\n\t\t\t<p class=\"qodef-shortcode qodef-m  qodef-custom-font qodef-custom-font-4370 qodef-layout--simple\" style=\"color: #F7847E;font-family: roboto;font-size: 12px;letter-spacing: 3px;font-weight: 400\">Haben Sie Fragen dazu?<\/p>\t\t<\/div>\n\t\t\t\t<\/div>\n\t\t\t\t<div class=\"elementor-element elementor-element-0622b34 elementor-widget elementor-widget-wp-widget-touchup_core_contact_form_7\" data-id=\"0622b34\" data-element_type=\"widget\" data-widget_type=\"wp-widget-touchup_core_contact_form_7.default\">\n\t\t\t\t<div class=\"elementor-widget-container\">\n\t\t\t\t\t\t<div class=\"qodef-contact-form-7\">\n\t\t\t\t<div role=\"form\" class=\"wpcf7\" id=\"wpcf7-f5274-o1\" lang=\"en-US\" dir=\"ltr\">\n<div class=\"screen-reader-response\" role=\"alert\" aria-live=\"polite\"><\/div>\n<form action=\"\/de\/wp-json\/wp\/v2\/pages\/9855#wpcf7-f5274-o1\" method=\"post\" class=\"wpcf7-form init\" novalidate=\"novalidate\">\n<div style=\"display: none;\">\n<input type=\"hidden\" name=\"_wpcf7\" value=\"5274\" \/>\n<input type=\"hidden\" name=\"_wpcf7_version\" value=\"5.2.2\" \/>\n<input type=\"hidden\" name=\"_wpcf7_locale\" value=\"en_US\" \/>\n<input type=\"hidden\" name=\"_wpcf7_unit_tag\" value=\"wpcf7-f5274-o1\" \/>\n<input type=\"hidden\" name=\"_wpcf7_container_post\" value=\"0\" \/>\n<input type=\"hidden\" name=\"_wpcf7_posted_data_hash\" value=\"\" \/>\n<\/div>\n<div class=\"contact-us\">\n<span class=\"wpcf7-form-control-wrap your-name\"><input type=\"text\" name=\"your-name\" value=\"\" size=\"40\" class=\"wpcf7-form-control wpcf7-text wpcf7-validates-as-required\" aria-required=\"true\" aria-invalid=\"false\" placeholder=\"Vollst\u00e4ndiger Name\" \/><\/span><br \/>\n<span class=\"wpcf7-form-control-wrap\" data-name=\"your-phone\"><input type=\"text\" name=\"your-phone\" value=\"\" size=\"40\" class=\"wpcf7-form-control wpcf7-text wpcf7-phonetext wpcf7-validates-as-required wpcf7-validates-as-phonetext\" aria-required=\"true\" aria-invalid=\"false\" placeholder=\"Telefonnummer\" \/><input type=\"hidden\" name=\"your-phone-country-code\" class=\"wpcf7-phonetext-country-code\" \/><\/span><br \/>\n<span class=\"wpcf7-form-control-wrap your-email\"><input type=\"email\" name=\"your-email\" value=\"\" size=\"40\" class=\"wpcf7-form-control wpcf7-text wpcf7-email wpcf7-validates-as-required wpcf7-validates-as-email\" aria-required=\"true\" aria-invalid=\"false\" placeholder=\"E-mail\" \/><\/span><br \/>\n<span class=\"wpcf7-form-control-wrap your-message\"><textarea name=\"your-message\" cols=\"40\" rows=\"2\" class=\"wpcf7-form-control wpcf7-textarea\" aria-invalid=\"false\" placeholder=\"Textnachricht\"><\/textarea><\/span><br \/>\n<button type=\"submit\" class=\"wpcf7-form-control wpcf7-submit qodef-button qodef-size--normal qodef-type--filled qodef-m\"><span class=\"qodef-m-text\">Senden<\/span><\/button>\n<\/div>\n<div class=\"wpcf7-response-output\" role=\"alert\" aria-hidden=\"true\"><\/div><\/form><\/div>\t\t\t<\/div>\n\t\t\t\t\t<\/div>\n\t\t\t\t<\/div>\n\t\t\t\t\t\t<\/div>\n\t\t\t\t\t<\/div>\n\t\t<\/div>\n\t\t\t\t<div class=\"elementor-column elementor-col-50 elementor-top-column elementor-element elementor-element-d468c6c\" data-id=\"d468c6c\" data-element_type=\"column\" data-settings=\"{&quot;background_background&quot;:&quot;classic&quot;}\">\n\t\t\t<div class=\"elementor-column-wrap elementor-element-populated\">\n\t\t\t\t\t\t\t<div class=\"elementor-widget-wrap\">\n\t\t\t\t\t\t<div class=\"elementor-element elementor-element-946a34f elementor-widget elementor-widget-touchup_core_image_with_text\" data-id=\"946a34f\" data-element_type=\"widget\" data-widget_type=\"touchup_core_image_with_text.default\">\n\t\t\t\t<div class=\"elementor-widget-container\">\n\t\t\t<div class=\"qodef-shortcode qodef-m  qodef-image-with-text qodef-layout--text-below qodef-alignment--left  \">\n\t<div class=\"qodef-m-image\">\n\t\t\t<img width=\"1920\" height=\"1200\" src=\"https:\/\/drattilaaydin.com\/de\/wp-content\/uploads\/2020\/03\/our-services-11.jpg\" class=\"attachment-full size-full\" alt=\"s\" loading=\"lazy\" srcset=\"https:\/\/drattilaaydin.com\/de\/wp-content\/uploads\/2020\/03\/our-services-11.jpg 1920w, https:\/\/drattilaaydin.com\/de\/wp-content\/uploads\/2020\/03\/our-services-11-300x188.jpg 300w, https:\/\/drattilaaydin.com\/de\/wp-content\/uploads\/2020\/03\/our-services-11-1024x640.jpg 1024w, https:\/\/drattilaaydin.com\/de\/wp-content\/uploads\/2020\/03\/our-services-11-768x480.jpg 768w, https:\/\/drattilaaydin.com\/de\/wp-content\/uploads\/2020\/03\/our-services-11-1536x960.jpg 1536w\" sizes=\"(max-width: 1920px) 100vw, 1920px\" \/>\t<\/div>\t<div class=\"qodef-m-content\">\n\t\t\t\t\t<\/div>\n<\/div>\t\t<\/div>\n\t\t\t\t<\/div>\n\t\t\t\t\t\t<\/div>\n\t\t\t\t\t<\/div>\n\t\t<\/div>\n\t\t\t\t\t\t\t\t<\/div>\n\t\t\t\t\t<\/div>\n\t\t<\/section>\n\t\t\t\t\t\t<\/div>\n\t\t\t\t\t\t<\/div>\n\t\t\t\t\t<\/div>\n\t\t","protected":false},"excerpt":{"rendered":"<p>Evolution mit Enzymen: PB Serum PB Serum ist eine innovative Enzym-Therapie, die mit einem minimal-invasiven Verfahren durchgef\u00fchrt wird. Sie geh\u00f6rt zur neuen Generation \u00e4sthetischer Behandlungen, die Fettabbau, Hautstraffung und Geweberegeneration auf schonende Weise erm\u00f6glichen. Erste Ergebnisse sind bereits nach kurzer Zeit sichtbar. Was ist PB Serum? Enzyme spielen eine zentrale Rolle im Gleichgewicht des K\u00f6rpers [&hellip;]<\/p>\n","protected":false},"author":1,"featured_media":0,"parent":0,"menu_order":0,"comment_status":"closed","ping_status":"closed","template":"page-full-width.php","meta":[],"_links":{"self":[{"href":"https:\/\/drattilaaydin.com\/de\/wp-json\/wp\/v2\/pages\/9855"}],"collection":[{"href":"https:\/\/drattilaaydin.com\/de\/wp-json\/wp\/v2\/pages"}],"about":[{"href":"https:\/\/drattilaaydin.com\/de\/wp-json\/wp\/v2\/types\/page"}],"author":[{"embeddable":true,"href":"https:\/\/drattilaaydin.com\/de\/wp-json\/wp\/v2\/users\/1"}],"replies":[{"embeddable":true,"href":"https:\/\/drattilaaydin.com\/de\/wp-json\/wp\/v2\/comments?post=9855"}],"version-history":[{"count":6,"href":"https:\/\/drattilaaydin.com\/de\/wp-json\/wp\/v2\/pages\/9855\/revisions"}],"predecessor-version":[{"id":11924,"href":"https:\/\/drattilaaydin.com\/de\/wp-json\/wp\/v2\/pages\/9855\/revisions\/11924"}],"wp:attachment":[{"href":"https:\/\/drattilaaydin.com\/de\/wp-json\/wp\/v2\/media?parent=9855"}],"curies":[{"name":"wp","href":"https:\/\/api.w.org\/{rel}","templated":true}]}}