{"id":9688,"date":"2021-06-19T18:21:54","date_gmt":"2021-06-19T18:21:54","guid":{"rendered":"https:\/\/miaclinics.com\/?page_id=9688"},"modified":"2025-12-17T08:07:28","modified_gmt":"2025-12-17T08:07:28","slug":"skin-whitening","status":"publish","type":"page","link":"https:\/\/drattilaaydin.com\/de\/skin-whitening\/","title":{"rendered":"Skin Whitening"},"content":{"rendered":"\t\t<div data-elementor-type=\"wp-page\" data-elementor-id=\"9688\" class=\"elementor elementor-9688\" data-elementor-settings=\"[]\">\n\t\t\t\t\t\t<div class=\"elementor-inner\">\n\t\t\t\t\t\t\t<div class=\"elementor-section-wrap\">\n\t\t\t\t\t\t\t<section class=\"elementor-section elementor-top-section elementor-element elementor-element-e7aa142 qodef-elementor-content-grid elementor-section-boxed elementor-section-height-default elementor-section-height-default\" data-id=\"e7aa142\" data-element_type=\"section\">\n\t\t\t\t\t\t<div class=\"elementor-container elementor-column-gap-default\">\n\t\t\t\t\t\t\t<div class=\"elementor-row\">\n\t\t\t\t\t<div class=\"elementor-column elementor-col-100 elementor-top-column elementor-element elementor-element-2eda24f\" data-id=\"2eda24f\" data-element_type=\"column\">\n\t\t\t<div class=\"elementor-column-wrap elementor-element-populated\">\n\t\t\t\t\t\t\t<div class=\"elementor-widget-wrap\">\n\t\t\t\t\t\t<div class=\"elementor-element elementor-element-16d2995 elementor-widget elementor-widget-text-editor\" data-id=\"16d2995\" data-element_type=\"widget\" data-widget_type=\"text-editor.default\">\n\t\t\t\t<div class=\"elementor-widget-container\">\n\t\t\t\t\t<div class=\"elementor-text-editor elementor-clearfix\"><h2><strong>Hautaufhellung<\/strong><\/h2><p>Melanin ist ein Pigment, das von speziellen Zellen namens Melanozyten produziert wird und den Hautton bestimmt. Menschen mit dunklerer Hautfarbe haben mehr Melanin. Die Menge an Melanin in der Haut h\u00e4ngt von der genetischen Veranlagung ab. Auch Hormone, Sonneneinstrahlung, Hautverletzungen und der Kontakt mit bestimmten Chemikalien k\u00f6nnen die Melaninproduktion beeinflussen.<\/p><p>Als <strong>MiaClinics<\/strong> bieten wir intraven\u00f6se (IV) und injizierbare Behandlungen an, um Hautverf\u00e4rbungen zu reduzieren und den Hautton auszugleichen.<\/p><h2><strong>Welche Hautaufhellungsbehandlungen gibt es?<\/strong><\/h2><p><strong>Glutathion<\/strong> kann als eine der zuverl\u00e4ssigsten Optionen betrachtet werden, um die Gesundheit des K\u00f6rpers zu unterst\u00fctzen. Es ist eine sichere und wirksame Behandlung, die bei vielen Beschwerden hilft \u2013 insbesondere bei Hautproblemen, Lebererkrankungen, Insulinresistenz und sogar bei Stoffwechselst\u00f6rungen.<\/p><p><strong>Hochdosiertes Vitamin C<\/strong> spielt eine entscheidende Rolle bei zahlreichen biochemischen Prozessen im K\u00f6rper \u2013 es ist an \u00fcber 400 Reaktionen beteiligt. Zudem beeinflusst es die Melaninsynthese, die unsere Haut- und Haarfarbe bestimmt.<\/p><p><strong>Plasma-Injektionen (PRP-Gesichtsbehandlung)<\/strong> kombinieren aus dem eigenen Blut gewonnenes pl\u00e4ttchenreiches Plasma mit Mikroneedling, um Stammzellen zu stimulieren und die Produktion von Kollagen und Elastin anzuregen. Das Ergebnis ist eine ebenm\u00e4\u00dfige, j\u00fcnger wirkende Haut mit verbessertem Hautton.<\/p><p><strong>Kollagen-Injektionen<\/strong> regen die k\u00f6rpereigene Kollagenproduktion an, reduzieren Falten und Hauterschlaffung und verbessern sichtbar die Hautstruktur sowie die Gleichm\u00e4\u00dfigkeit des Teints.<\/p><h2><strong>Welche Behandlung ist am besten f<\/strong><strong>\u00fc<\/strong><strong>r die Hautaufhellung geeignet?<\/strong><\/h2><p>Wenn Sie eine <strong>Ganzk<\/strong><strong>\u00f6<\/strong><strong>rper-Aufhellung<\/strong> w\u00fcnschen, sind <strong>IV-Glutathion<\/strong> und <strong>IV-Vitamin C<\/strong> die besten Optionen.<br \/>Bei <strong>lokalen Verf<\/strong><strong>\u00e4<\/strong><strong>rbungen<\/strong> empfehlen wir <strong>PRP- oder Kollagen-Injektionen<\/strong>, um gezielt auf die betroffenen Hautareale einzuwirken.<\/p><h2><strong>Wie viele Sitzungen werden empfohlen?<\/strong><\/h2><p>F\u00fcr IV-Behandlungen empfehlen wir insgesamt <strong>5\u2013<\/strong><strong>6 Sitzungen<\/strong>, jeweils <strong>eine pro Woche<\/strong>.<br \/>F\u00fcr <strong>Plasma- und Kollagen-Injektionen<\/strong> werden <strong>2\u2013<\/strong><strong>5 Sitzungen<\/strong> empfohlen.<\/p><h3><strong>Wie lange halten die Ergebnisse an?<\/strong><\/h3><p>Die Wirkung einer Ganzk\u00f6rper-Aufhellung h\u00e4lt in der Regel etwa <strong>1 Jahr<\/strong> an.<br \/>Lokale Hautaufhellungen zeigen <strong>lang anhaltende Ergebnisse<\/strong>, besonders wenn die behandelten Bereiche vor <strong>UV-Licht und Sonneneinstrahlung<\/strong> gesch\u00fctzt werden.<\/p><h3><strong>Wie viel kostet eine Hautaufhellungsbehandlung?<\/strong><\/h3><p>F\u00fcr detaillierte Informationen zu den Behandlungskosten kontaktieren Sie uns bitte und vereinbaren Sie einen Termin.<\/p><p>\u00a0<\/p><p><strong>Dr Attila Ayd\u0131n \u2013 <\/strong><strong>Ihr Experte f<\/strong><strong>\u00fcr \u00e4<\/strong><strong>sthetische Medizin in Istanbul<\/strong><\/p><p>\u00a0<\/p><\/div>\n\t\t\t\t<\/div>\n\t\t\t\t<\/div>\n\t\t\t\t\t\t<\/div>\n\t\t\t\t\t<\/div>\n\t\t<\/div>\n\t\t\t\t\t\t\t\t<\/div>\n\t\t\t\t\t<\/div>\n\t\t<\/section>\n\t\t\t\t<section class=\"elementor-section elementor-top-section elementor-element elementor-element-2aa7576 elementor-section-full_width elementor-section-height-default elementor-section-height-default qodef-elementor-content-no\" data-id=\"2aa7576\" data-element_type=\"section\" data-settings=\"{&quot;background_background&quot;:&quot;classic&quot;}\">\n\t\t\t\t\t\t<div class=\"elementor-container elementor-column-gap-default\">\n\t\t\t\t\t\t\t<div class=\"elementor-row\">\n\t\t\t\t\t<div class=\"elementor-column elementor-col-50 elementor-top-column elementor-element elementor-element-abe1d81\" data-id=\"abe1d81\" data-element_type=\"column\" data-settings=\"{&quot;background_background&quot;:&quot;classic&quot;}\">\n\t\t\t<div class=\"elementor-column-wrap elementor-element-populated\">\n\t\t\t\t\t\t\t<div class=\"elementor-widget-wrap\">\n\t\t\t\t\t\t<div class=\"elementor-element elementor-element-11d3d06 elementor-widget elementor-widget-touchup_core_section_title\" data-id=\"11d3d06\" data-element_type=\"widget\" data-widget_type=\"touchup_core_section_title.default\">\n\t\t\t\t<div class=\"elementor-widget-container\">\n\t\t\t<div class=\"qodef-shortcode qodef-m  qodef-section-title qodef-alignment--left  \">\n\t\t<h2 class=\"qodef-m-title\" >\n\t\t\t\t\tKontakt aufnehmen\t\t\t<\/h2>\n\t<\/div>\t\t<\/div>\n\t\t\t\t<\/div>\n\t\t\t\t<div class=\"elementor-element elementor-element-b387d45 elementor-widget elementor-widget-touchup_core_custom_font\" data-id=\"b387d45\" data-element_type=\"widget\" data-widget_type=\"touchup_core_custom_font.default\">\n\t\t\t\t<div class=\"elementor-widget-container\">\n\t\t\t<p class=\"qodef-shortcode qodef-m  qodef-custom-font qodef-custom-font-8390 qodef-layout--simple\" style=\"color: #F7847E;font-family: roboto;font-size: 12px;letter-spacing: 3px;font-weight: 400\">Haben Sie Fragen dazu?<\/p>\t\t<\/div>\n\t\t\t\t<\/div>\n\t\t\t\t<div class=\"elementor-element elementor-element-0622b34 elementor-widget elementor-widget-wp-widget-touchup_core_contact_form_7\" data-id=\"0622b34\" data-element_type=\"widget\" data-widget_type=\"wp-widget-touchup_core_contact_form_7.default\">\n\t\t\t\t<div class=\"elementor-widget-container\">\n\t\t\t\t\t\t<div class=\"qodef-contact-form-7\">\n\t\t\t\t<div role=\"form\" class=\"wpcf7\" id=\"wpcf7-f5274-o1\" lang=\"en-US\" dir=\"ltr\">\n<div class=\"screen-reader-response\" role=\"alert\" aria-live=\"polite\"><\/div>\n<form action=\"\/de\/wp-json\/wp\/v2\/pages\/9688#wpcf7-f5274-o1\" method=\"post\" class=\"wpcf7-form init\" novalidate=\"novalidate\">\n<div style=\"display: none;\">\n<input type=\"hidden\" name=\"_wpcf7\" value=\"5274\" \/>\n<input type=\"hidden\" name=\"_wpcf7_version\" value=\"5.2.2\" \/>\n<input type=\"hidden\" name=\"_wpcf7_locale\" value=\"en_US\" \/>\n<input type=\"hidden\" name=\"_wpcf7_unit_tag\" value=\"wpcf7-f5274-o1\" \/>\n<input type=\"hidden\" name=\"_wpcf7_container_post\" value=\"0\" \/>\n<input type=\"hidden\" name=\"_wpcf7_posted_data_hash\" value=\"\" \/>\n<\/div>\n<div class=\"contact-us\">\n<span class=\"wpcf7-form-control-wrap your-name\"><input type=\"text\" name=\"your-name\" value=\"\" size=\"40\" class=\"wpcf7-form-control wpcf7-text wpcf7-validates-as-required\" aria-required=\"true\" aria-invalid=\"false\" placeholder=\"Vollst\u00e4ndiger Name\" \/><\/span><br \/>\n<span class=\"wpcf7-form-control-wrap\" data-name=\"your-phone\"><input type=\"text\" name=\"your-phone\" value=\"\" size=\"40\" class=\"wpcf7-form-control wpcf7-text wpcf7-phonetext wpcf7-validates-as-required wpcf7-validates-as-phonetext\" aria-required=\"true\" aria-invalid=\"false\" placeholder=\"Telefonnummer\" \/><input type=\"hidden\" name=\"your-phone-country-code\" class=\"wpcf7-phonetext-country-code\" \/><\/span><br \/>\n<span class=\"wpcf7-form-control-wrap your-email\"><input type=\"email\" name=\"your-email\" value=\"\" size=\"40\" class=\"wpcf7-form-control wpcf7-text wpcf7-email wpcf7-validates-as-required wpcf7-validates-as-email\" aria-required=\"true\" aria-invalid=\"false\" placeholder=\"E-mail\" \/><\/span><br \/>\n<span class=\"wpcf7-form-control-wrap your-message\"><textarea name=\"your-message\" cols=\"40\" rows=\"2\" class=\"wpcf7-form-control wpcf7-textarea\" aria-invalid=\"false\" placeholder=\"Textnachricht\"><\/textarea><\/span><br \/>\n<button type=\"submit\" class=\"wpcf7-form-control wpcf7-submit qodef-button qodef-size--normal qodef-type--filled qodef-m\"><span class=\"qodef-m-text\">Senden<\/span><\/button>\n<\/div>\n<div class=\"wpcf7-response-output\" role=\"alert\" aria-hidden=\"true\"><\/div><\/form><\/div>\t\t\t<\/div>\n\t\t\t\t\t<\/div>\n\t\t\t\t<\/div>\n\t\t\t\t\t\t<\/div>\n\t\t\t\t\t<\/div>\n\t\t<\/div>\n\t\t\t\t<div class=\"elementor-column elementor-col-50 elementor-top-column elementor-element elementor-element-d468c6c\" data-id=\"d468c6c\" data-element_type=\"column\" data-settings=\"{&quot;background_background&quot;:&quot;classic&quot;}\">\n\t\t\t<div class=\"elementor-column-wrap elementor-element-populated\">\n\t\t\t\t\t\t\t<div class=\"elementor-widget-wrap\">\n\t\t\t\t\t\t<div class=\"elementor-element elementor-element-946a34f elementor-widget elementor-widget-touchup_core_image_with_text\" data-id=\"946a34f\" data-element_type=\"widget\" data-widget_type=\"touchup_core_image_with_text.default\">\n\t\t\t\t<div class=\"elementor-widget-container\">\n\t\t\t<div class=\"qodef-shortcode qodef-m  qodef-image-with-text qodef-layout--text-below qodef-alignment--left  \">\n\t<div class=\"qodef-m-image\">\n\t\t\t<img width=\"1920\" height=\"1200\" src=\"https:\/\/drattilaaydin.com\/de\/wp-content\/uploads\/2020\/03\/our-services-11.jpg\" class=\"attachment-full size-full\" alt=\"s\" loading=\"lazy\" srcset=\"https:\/\/drattilaaydin.com\/de\/wp-content\/uploads\/2020\/03\/our-services-11.jpg 1920w, https:\/\/drattilaaydin.com\/de\/wp-content\/uploads\/2020\/03\/our-services-11-300x188.jpg 300w, https:\/\/drattilaaydin.com\/de\/wp-content\/uploads\/2020\/03\/our-services-11-1024x640.jpg 1024w, https:\/\/drattilaaydin.com\/de\/wp-content\/uploads\/2020\/03\/our-services-11-768x480.jpg 768w, https:\/\/drattilaaydin.com\/de\/wp-content\/uploads\/2020\/03\/our-services-11-1536x960.jpg 1536w\" sizes=\"(max-width: 1920px) 100vw, 1920px\" \/>\t<\/div>\t<div class=\"qodef-m-content\">\n\t\t\t\t\t<\/div>\n<\/div>\t\t<\/div>\n\t\t\t\t<\/div>\n\t\t\t\t\t\t<\/div>\n\t\t\t\t\t<\/div>\n\t\t<\/div>\n\t\t\t\t\t\t\t\t<\/div>\n\t\t\t\t\t<\/div>\n\t\t<\/section>\n\t\t\t\t\t\t<\/div>\n\t\t\t\t\t\t<\/div>\n\t\t\t\t\t<\/div>\n\t\t","protected":false},"excerpt":{"rendered":"<p>Hautaufhellung Melanin ist ein Pigment, das von speziellen Zellen namens Melanozyten produziert wird und den Hautton bestimmt. Menschen mit dunklerer Hautfarbe haben mehr Melanin. Die Menge an Melanin in der Haut h\u00e4ngt von der genetischen Veranlagung ab. Auch Hormone, Sonneneinstrahlung, Hautverletzungen und der Kontakt mit bestimmten Chemikalien k\u00f6nnen die Melaninproduktion beeinflussen. Als MiaClinics bieten wir [&hellip;]<\/p>\n","protected":false},"author":1,"featured_media":0,"parent":0,"menu_order":0,"comment_status":"closed","ping_status":"closed","template":"page-full-width.php","meta":[],"_links":{"self":[{"href":"https:\/\/drattilaaydin.com\/de\/wp-json\/wp\/v2\/pages\/9688"}],"collection":[{"href":"https:\/\/drattilaaydin.com\/de\/wp-json\/wp\/v2\/pages"}],"about":[{"href":"https:\/\/drattilaaydin.com\/de\/wp-json\/wp\/v2\/types\/page"}],"author":[{"embeddable":true,"href":"https:\/\/drattilaaydin.com\/de\/wp-json\/wp\/v2\/users\/1"}],"replies":[{"embeddable":true,"href":"https:\/\/drattilaaydin.com\/de\/wp-json\/wp\/v2\/comments?post=9688"}],"version-history":[{"count":7,"href":"https:\/\/drattilaaydin.com\/de\/wp-json\/wp\/v2\/pages\/9688\/revisions"}],"predecessor-version":[{"id":11920,"href":"https:\/\/drattilaaydin.com\/de\/wp-json\/wp\/v2\/pages\/9688\/revisions\/11920"}],"wp:attachment":[{"href":"https:\/\/drattilaaydin.com\/de\/wp-json\/wp\/v2\/media?parent=9688"}],"curies":[{"name":"wp","href":"https:\/\/api.w.org\/{rel}","templated":true}]}}