{"id":9580,"date":"2021-06-16T10:53:21","date_gmt":"2021-06-16T10:53:21","guid":{"rendered":"http:\/\/miaclinics.com\/?page_id=9580"},"modified":"2025-12-17T08:07:24","modified_gmt":"2025-12-17T08:07:24","slug":"sweating","status":"publish","type":"page","link":"https:\/\/drattilaaydin.com\/de\/sweating\/","title":{"rendered":"SWEATING"},"content":{"rendered":"\t\t<div data-elementor-type=\"wp-page\" data-elementor-id=\"9580\" class=\"elementor elementor-9580\" data-elementor-settings=\"[]\">\n\t\t\t\t\t\t<div class=\"elementor-inner\">\n\t\t\t\t\t\t\t<div class=\"elementor-section-wrap\">\n\t\t\t\t\t\t\t<section class=\"elementor-section elementor-top-section elementor-element elementor-element-e7aa142 qodef-elementor-content-grid elementor-section-boxed elementor-section-height-default elementor-section-height-default\" data-id=\"e7aa142\" data-element_type=\"section\">\n\t\t\t\t\t\t<div class=\"elementor-container elementor-column-gap-default\">\n\t\t\t\t\t\t\t<div class=\"elementor-row\">\n\t\t\t\t\t<div class=\"elementor-column elementor-col-100 elementor-top-column elementor-element elementor-element-2eda24f\" data-id=\"2eda24f\" data-element_type=\"column\">\n\t\t\t<div class=\"elementor-column-wrap elementor-element-populated\">\n\t\t\t\t\t\t\t<div class=\"elementor-widget-wrap\">\n\t\t\t\t\t\t<div class=\"elementor-element elementor-element-16d2995 elementor-widget elementor-widget-text-editor\" data-id=\"16d2995\" data-element_type=\"widget\" data-widget_type=\"text-editor.default\">\n\t\t\t\t<div class=\"elementor-widget-container\">\n\t\t\t\t\t<div class=\"elementor-text-editor elementor-clearfix\"><h2><strong>Hyperhidrose-Behandlung: Sp<\/strong><strong>\u00fc<\/strong><strong>ren Sie neues Selbstvertrauen<\/strong><\/h2><p>\u00dcberm\u00e4\u00dfiges Schwitzen (Hyperhidrose) ist ein Symptom, das das berufliche und soziale Leben stark beeintr\u00e4chtigen kann. Aufgrund der hohen Konzentration von Schwei\u00dfdr\u00fcsen treten Feuchtigkeit und unangenehme Ger\u00fcche h\u00e4ufig an den <strong>H\u00e4<\/strong><strong>nden, F\u00fc\u00dfen, Achselh<\/strong><strong>\u00f6<\/strong><strong>hlen<\/strong> und <strong>unter der Brust<\/strong> auf.<br \/>Deodorants k\u00f6nnen das Schwitzen nur kurzfristig \u00fcberdecken \u2013 sie verhindern es jedoch nicht.<\/p><p>Bei <strong>MiaClinics<\/strong> bieten wir eine <strong>langfristige L<\/strong><strong>\u00f6<\/strong><strong>sung gegen Schwitzen und unangenehme Ger<\/strong><strong>\u00fc<\/strong><strong>che<\/strong> mit gezielten Schwei\u00dfinjektionen an.<\/p><h3><strong>Was bedeutet Schwei\u00df<\/strong><strong>injektion?<\/strong><\/h3><p>Die Schwei\u00dfinjektion enth\u00e4lt <strong>Botulinumtoxin<\/strong>, das die Funktion bestimmter Neurotransmitter ver\u00e4ndert.<br \/>Neurotransmitter sind chemische Botenstoffe, die die Aktivit\u00e4t der Schwei\u00dfdr\u00fcsen steuern.<br \/>Durch die Injektion werden diese Signale blockiert \u2013 die Dr\u00fcsen in der behandelten Region werden <strong>f\u00fc<\/strong><strong>r etwa 6<\/strong><strong>\u2013<\/strong><strong>8 Monate deaktiviert<\/strong>.<\/p><p>Diese Behandlung ist <strong>von der FDA zugelassen<\/strong> und sorgt f\u00fcr ein deutlich angenehmeres Wohlbefinden im Alltag.<\/p><h3><strong>Wie funktioniert die Behandlung?<\/strong><\/h3><p>Schwei\u00dfdr\u00fcsen reagieren auf emotionale und hormonelle Reize.<br \/>Wenn das Nervensignal die Dr\u00fcsen nicht erreicht, wird die Schwei\u00dfproduktion gestoppt.<br \/>Ziel der Behandlung ist es, diese Signal\u00fcbertragung vor\u00fcbergehend zu unterbrechen.<\/p><p>Die Schwei\u00dfinjektion kann an verschiedenen K\u00f6rperstellen angewendet werden, zum Beispiel an:<\/p><ul><li>H\u00e4nden<\/li><li>F\u00fc\u00dfen<\/li><li>Achselh\u00f6hlen<\/li><li>Unter der Brust<\/li><\/ul><h3><strong>Was ist nach der Behandlung zu erwarten?<\/strong><\/h3><p>Nach der Injektion k\u00f6nnen Sie Ihre <strong>allt<\/strong><strong>\u00e4<\/strong><strong>glichen Aktivit<\/strong><strong>\u00e4<\/strong><strong>ten sofort fortsetzen<\/strong>.<br \/>Die Wirkung setzt meist <strong>nach 2 bis 7 Tagen<\/strong> ein, und die behandelte Region wird innerhalb von <strong>zwei Wochen vollst<\/strong><strong>\u00e4<\/strong><strong>ndig trocken<\/strong>.<\/p><p>Die Wirkung ist <strong>zeitlich begrenzt<\/strong>, daher sind Auffrischungsbehandlungen notwendig.<br \/>Die Trockenheit h\u00e4lt in der Regel <strong>4 bis 14 Monate<\/strong> an.<br \/>Bei H\u00e4nden und F\u00fc\u00dfen kann die Wirkung etwas k\u00fcrzer dauern \u2013 meist etwa <strong>6 Monate<\/strong>.<\/p><h3><strong>Welche Vorteile bietet die Hyperhidrose-Behandlung?<\/strong><\/h3><p>Patientinnen und Patienten mit starkem Schwitzen \u2013 besonders an den H\u00e4nden oder Fu\u00dfsohlen \u2013 erleben oft eine <strong>sp\u00fc<\/strong><strong>rbare Verbesserung ihrer Lebensqualit<\/strong><strong>\u00e4t<\/strong>.<br \/>Die Behandlung reduziert Feuchtigkeit, Geruch und das unangenehme Gef\u00fchl von Unsicherheit im Alltag.<\/p><h3><strong>Gibt es Nebenwirkungen?<\/strong><\/h3><p>Die Behandlung ist sicher und gut vertr\u00e4glich.<br \/>M\u00f6gliche <strong>kurzzeitige Nebenwirkungen<\/strong> k\u00f6nnen sein:<\/p><ul><li>Leichte Schmerzen oder Bluterg\u00fcsse an der Injektionsstelle<\/li><li>Kopfschmerzen<\/li><li>Juckreiz<\/li><\/ul><p>Schwerwiegende Nebenwirkungen sind <strong>\u00e4u<\/strong><strong>\u00dferst selten<\/strong>.<br \/>Die Behandlung ist <strong>nicht geeignet<\/strong> f\u00fcr Personen mit <strong>neuromuskul\u00e4<\/strong><strong>ren Erkrankungen<\/strong>.<\/p><h3><strong>Was kostet eine Hyperhidrose-Behandlung?<\/strong><\/h3><p>Die Kosten h\u00e4ngen vom <strong>Behandlungsareal<\/strong> und <strong>individuellen Bedarf<\/strong> ab.<br \/>Wenn mehrere K\u00f6rperregionen behandelt werden, kann sich der Preis entsprechend ver\u00e4ndern.<\/p><p>Wenn Sie unter starkem Schwitzen leiden, kontaktieren Sie uns gerne \u2013 wir informieren Sie \u00fcber unsere <strong>zertifizierten Behandlungen und aktuellen Preise<\/strong>.<\/p><\/div>\n\t\t\t\t<\/div>\n\t\t\t\t<\/div>\n\t\t\t\t\t\t<\/div>\n\t\t\t\t\t<\/div>\n\t\t<\/div>\n\t\t\t\t\t\t\t\t<\/div>\n\t\t\t\t\t<\/div>\n\t\t<\/section>\n\t\t\t\t<section class=\"elementor-section elementor-top-section elementor-element elementor-element-2aa7576 elementor-section-full_width elementor-section-height-default elementor-section-height-default qodef-elementor-content-no\" data-id=\"2aa7576\" data-element_type=\"section\" data-settings=\"{&quot;background_background&quot;:&quot;classic&quot;}\">\n\t\t\t\t\t\t<div class=\"elementor-container elementor-column-gap-default\">\n\t\t\t\t\t\t\t<div class=\"elementor-row\">\n\t\t\t\t\t<div class=\"elementor-column elementor-col-50 elementor-top-column elementor-element elementor-element-abe1d81\" data-id=\"abe1d81\" data-element_type=\"column\" data-settings=\"{&quot;background_background&quot;:&quot;classic&quot;}\">\n\t\t\t<div class=\"elementor-column-wrap elementor-element-populated\">\n\t\t\t\t\t\t\t<div class=\"elementor-widget-wrap\">\n\t\t\t\t\t\t<div class=\"elementor-element elementor-element-11d3d06 elementor-widget elementor-widget-touchup_core_section_title\" data-id=\"11d3d06\" data-element_type=\"widget\" data-widget_type=\"touchup_core_section_title.default\">\n\t\t\t\t<div class=\"elementor-widget-container\">\n\t\t\t<div class=\"qodef-shortcode qodef-m  qodef-section-title qodef-alignment--left  \">\n\t\t<h2 class=\"qodef-m-title\" >\n\t\t\t\t\tKontakt aufnehmen\t\t\t<\/h2>\n\t<\/div>\t\t<\/div>\n\t\t\t\t<\/div>\n\t\t\t\t<div class=\"elementor-element elementor-element-b387d45 elementor-widget elementor-widget-touchup_core_custom_font\" data-id=\"b387d45\" data-element_type=\"widget\" data-widget_type=\"touchup_core_custom_font.default\">\n\t\t\t\t<div class=\"elementor-widget-container\">\n\t\t\t<p class=\"qodef-shortcode qodef-m  qodef-custom-font qodef-custom-font-4881 qodef-layout--simple\" style=\"color: #F7847E;font-family: roboto;font-size: 12px;letter-spacing: 3px;font-weight: 400\">Haben Sie Fragen dazu?<\/p>\t\t<\/div>\n\t\t\t\t<\/div>\n\t\t\t\t<div class=\"elementor-element elementor-element-0622b34 elementor-widget elementor-widget-wp-widget-touchup_core_contact_form_7\" data-id=\"0622b34\" data-element_type=\"widget\" data-widget_type=\"wp-widget-touchup_core_contact_form_7.default\">\n\t\t\t\t<div class=\"elementor-widget-container\">\n\t\t\t\t\t\t<div class=\"qodef-contact-form-7\">\n\t\t\t\t<div role=\"form\" class=\"wpcf7\" id=\"wpcf7-f5274-o1\" lang=\"en-US\" dir=\"ltr\">\n<div class=\"screen-reader-response\" role=\"alert\" aria-live=\"polite\"><\/div>\n<form action=\"\/de\/wp-json\/wp\/v2\/pages\/9580#wpcf7-f5274-o1\" method=\"post\" class=\"wpcf7-form init\" novalidate=\"novalidate\">\n<div style=\"display: none;\">\n<input type=\"hidden\" name=\"_wpcf7\" value=\"5274\" \/>\n<input type=\"hidden\" name=\"_wpcf7_version\" value=\"5.2.2\" \/>\n<input type=\"hidden\" name=\"_wpcf7_locale\" value=\"en_US\" \/>\n<input type=\"hidden\" name=\"_wpcf7_unit_tag\" value=\"wpcf7-f5274-o1\" \/>\n<input type=\"hidden\" name=\"_wpcf7_container_post\" value=\"0\" \/>\n<input type=\"hidden\" name=\"_wpcf7_posted_data_hash\" value=\"\" \/>\n<\/div>\n<div class=\"contact-us\">\n<span class=\"wpcf7-form-control-wrap your-name\"><input type=\"text\" name=\"your-name\" value=\"\" size=\"40\" class=\"wpcf7-form-control wpcf7-text wpcf7-validates-as-required\" aria-required=\"true\" aria-invalid=\"false\" placeholder=\"Vollst\u00e4ndiger Name\" \/><\/span><br \/>\n<span class=\"wpcf7-form-control-wrap\" data-name=\"your-phone\"><input type=\"text\" name=\"your-phone\" value=\"\" size=\"40\" class=\"wpcf7-form-control wpcf7-text wpcf7-phonetext wpcf7-validates-as-required wpcf7-validates-as-phonetext\" aria-required=\"true\" aria-invalid=\"false\" placeholder=\"Telefonnummer\" \/><input type=\"hidden\" name=\"your-phone-country-code\" class=\"wpcf7-phonetext-country-code\" \/><\/span><br \/>\n<span class=\"wpcf7-form-control-wrap your-email\"><input type=\"email\" name=\"your-email\" value=\"\" size=\"40\" class=\"wpcf7-form-control wpcf7-text wpcf7-email wpcf7-validates-as-required wpcf7-validates-as-email\" aria-required=\"true\" aria-invalid=\"false\" placeholder=\"E-mail\" \/><\/span><br \/>\n<span class=\"wpcf7-form-control-wrap your-message\"><textarea name=\"your-message\" cols=\"40\" rows=\"2\" class=\"wpcf7-form-control wpcf7-textarea\" aria-invalid=\"false\" placeholder=\"Textnachricht\"><\/textarea><\/span><br \/>\n<button type=\"submit\" class=\"wpcf7-form-control wpcf7-submit qodef-button qodef-size--normal qodef-type--filled qodef-m\"><span class=\"qodef-m-text\">Senden<\/span><\/button>\n<\/div>\n<div class=\"wpcf7-response-output\" role=\"alert\" aria-hidden=\"true\"><\/div><\/form><\/div>\t\t\t<\/div>\n\t\t\t\t\t<\/div>\n\t\t\t\t<\/div>\n\t\t\t\t\t\t<\/div>\n\t\t\t\t\t<\/div>\n\t\t<\/div>\n\t\t\t\t<div class=\"elementor-column elementor-col-50 elementor-top-column elementor-element elementor-element-d468c6c\" data-id=\"d468c6c\" data-element_type=\"column\" data-settings=\"{&quot;background_background&quot;:&quot;classic&quot;}\">\n\t\t\t<div class=\"elementor-column-wrap elementor-element-populated\">\n\t\t\t\t\t\t\t<div class=\"elementor-widget-wrap\">\n\t\t\t\t\t\t<div class=\"elementor-element elementor-element-946a34f elementor-widget elementor-widget-touchup_core_image_with_text\" data-id=\"946a34f\" data-element_type=\"widget\" data-widget_type=\"touchup_core_image_with_text.default\">\n\t\t\t\t<div class=\"elementor-widget-container\">\n\t\t\t<div class=\"qodef-shortcode qodef-m  qodef-image-with-text qodef-layout--text-below qodef-alignment--left  \">\n\t<div class=\"qodef-m-image\">\n\t\t\t<img width=\"1920\" height=\"1200\" src=\"https:\/\/drattilaaydin.com\/de\/wp-content\/uploads\/2020\/03\/our-services-11.jpg\" class=\"attachment-full size-full\" alt=\"s\" loading=\"lazy\" srcset=\"https:\/\/drattilaaydin.com\/de\/wp-content\/uploads\/2020\/03\/our-services-11.jpg 1920w, https:\/\/drattilaaydin.com\/de\/wp-content\/uploads\/2020\/03\/our-services-11-300x188.jpg 300w, https:\/\/drattilaaydin.com\/de\/wp-content\/uploads\/2020\/03\/our-services-11-1024x640.jpg 1024w, https:\/\/drattilaaydin.com\/de\/wp-content\/uploads\/2020\/03\/our-services-11-768x480.jpg 768w, https:\/\/drattilaaydin.com\/de\/wp-content\/uploads\/2020\/03\/our-services-11-1536x960.jpg 1536w\" sizes=\"(max-width: 1920px) 100vw, 1920px\" \/>\t<\/div>\t<div class=\"qodef-m-content\">\n\t\t\t\t\t<\/div>\n<\/div>\t\t<\/div>\n\t\t\t\t<\/div>\n\t\t\t\t\t\t<\/div>\n\t\t\t\t\t<\/div>\n\t\t<\/div>\n\t\t\t\t\t\t\t\t<\/div>\n\t\t\t\t\t<\/div>\n\t\t<\/section>\n\t\t\t\t\t\t<\/div>\n\t\t\t\t\t\t<\/div>\n\t\t\t\t\t<\/div>\n\t\t","protected":false},"excerpt":{"rendered":"<p>Hyperhidrose-Behandlung: Sp\u00fcren Sie neues Selbstvertrauen \u00dcberm\u00e4\u00dfiges Schwitzen (Hyperhidrose) ist ein Symptom, das das berufliche und soziale Leben stark beeintr\u00e4chtigen kann. Aufgrund der hohen Konzentration von Schwei\u00dfdr\u00fcsen treten Feuchtigkeit und unangenehme Ger\u00fcche h\u00e4ufig an den H\u00e4nden, F\u00fc\u00dfen, Achselh\u00f6hlen und unter der Brust auf.Deodorants k\u00f6nnen das Schwitzen nur kurzfristig \u00fcberdecken \u2013 sie verhindern es jedoch nicht. Bei [&hellip;]<\/p>\n","protected":false},"author":1,"featured_media":0,"parent":0,"menu_order":0,"comment_status":"closed","ping_status":"closed","template":"page-full-width.php","meta":[],"_links":{"self":[{"href":"https:\/\/drattilaaydin.com\/de\/wp-json\/wp\/v2\/pages\/9580"}],"collection":[{"href":"https:\/\/drattilaaydin.com\/de\/wp-json\/wp\/v2\/pages"}],"about":[{"href":"https:\/\/drattilaaydin.com\/de\/wp-json\/wp\/v2\/types\/page"}],"author":[{"embeddable":true,"href":"https:\/\/drattilaaydin.com\/de\/wp-json\/wp\/v2\/users\/1"}],"replies":[{"embeddable":true,"href":"https:\/\/drattilaaydin.com\/de\/wp-json\/wp\/v2\/comments?post=9580"}],"version-history":[{"count":6,"href":"https:\/\/drattilaaydin.com\/de\/wp-json\/wp\/v2\/pages\/9580\/revisions"}],"predecessor-version":[{"id":11919,"href":"https:\/\/drattilaaydin.com\/de\/wp-json\/wp\/v2\/pages\/9580\/revisions\/11919"}],"wp:attachment":[{"href":"https:\/\/drattilaaydin.com\/de\/wp-json\/wp\/v2\/media?parent=9580"}],"curies":[{"name":"wp","href":"https:\/\/api.w.org\/{rel}","templated":true}]}}