{"id":9579,"date":"2021-06-16T10:53:10","date_gmt":"2021-06-16T10:53:10","guid":{"rendered":"http:\/\/miaclinics.com\/?page_id=9579"},"modified":"2025-12-17T08:08:28","modified_gmt":"2025-12-17T08:08:28","slug":"high-dose-vitamin-c","status":"publish","type":"page","link":"https:\/\/drattilaaydin.com\/de\/high-dose-vitamin-c\/","title":{"rendered":"High Dose Vitamin C"},"content":{"rendered":"\t\t<div data-elementor-type=\"wp-page\" data-elementor-id=\"9579\" class=\"elementor elementor-9579\" data-elementor-settings=\"[]\">\n\t\t\t\t\t\t<div class=\"elementor-inner\">\n\t\t\t\t\t\t\t<div class=\"elementor-section-wrap\">\n\t\t\t\t\t\t\t<section class=\"elementor-section elementor-top-section elementor-element elementor-element-e7aa142 qodef-elementor-content-grid elementor-section-boxed elementor-section-height-default elementor-section-height-default\" data-id=\"e7aa142\" data-element_type=\"section\">\n\t\t\t\t\t\t<div class=\"elementor-container elementor-column-gap-default\">\n\t\t\t\t\t\t\t<div class=\"elementor-row\">\n\t\t\t\t\t<div class=\"elementor-column elementor-col-100 elementor-top-column elementor-element elementor-element-2eda24f\" data-id=\"2eda24f\" data-element_type=\"column\">\n\t\t\t<div class=\"elementor-column-wrap elementor-element-populated\">\n\t\t\t\t\t\t\t<div class=\"elementor-widget-wrap\">\n\t\t\t\t\t\t<div class=\"elementor-element elementor-element-16d2995 elementor-widget elementor-widget-text-editor\" data-id=\"16d2995\" data-element_type=\"widget\" data-widget_type=\"text-editor.default\">\n\t\t\t\t<div class=\"elementor-widget-container\">\n\t\t\t\t\t<div class=\"elementor-text-editor elementor-clearfix\"><h2><strong>Hochdosiertes Vitamin C: Der Antioxidantien-Booster<\/strong><\/h2><p>Hochdosiertes Vitamin C, auch bekannt als L-Ascorbins\u00e4ure, ist ein wasserl\u00f6sliches Vitamin, das nat\u00fcrlich in bestimmten Lebensmitteln vorkommt. Da der menschliche K\u00f6rper Vitamin C nicht selbst produzieren kann, ist es ein lebensnotwendiger N\u00e4hrstoff, der t\u00e4glich \u00fcber Nahrung oder Nahrungserg\u00e4nzungsmittel zugef\u00fchrt werden muss. Vitamin C kann nicht gespeichert werden \u2013 daher ist eine regelm\u00e4\u00dfige Zufuhr besonders wichtig.<\/p><h3><strong>Was bewirkt Vitamin C?<\/strong><\/h3><p>Vitamin C ist ein wichtiger Vermittler f\u00fcr zahlreiche biochemische Reaktionen im K\u00f6rper \u2013 es unterst\u00fctzt etwa <strong>400 Stoffwechselprozesse<\/strong>. In hoher Dosierung entfaltet es vielf\u00e4ltige Wirkungen:<\/p><ul><li>Es st\u00e4rkt das Immunsystem und wirkt gegen Infektionskrankheiten.<\/li><li>Es ist ein starkes Antioxidans.<\/li><li>Es beugt Herz-Kreislauf-Erkrankungen vor.<\/li><li>Es spielt eine zentrale Rolle bei der <strong>Kollagenbildung<\/strong>.<\/li><\/ul><h3><strong>Welche Vorteile hat Vitamin C?<\/strong><\/h3><ul><li>Unterst\u00fctzt die <strong>Melaninproduktion<\/strong>, die Haar- und Hautfarbe bestimmt.<\/li><li>F\u00f6rdert die Bildung von <strong>Noradrenalin<\/strong> aus Tyrosin (wichtig bei Depressionen und Hyperaktivit\u00e4t).<\/li><li>Unterst\u00fctzt die <strong>Carnitin-Synthese<\/strong>, die f\u00fcr Herz- und Muskelfunktion entscheidend ist.<\/li><li>Verbessert die <strong>Hautstruktur<\/strong> und verleiht einen frischen Teint.<\/li><li>Aktiviert <strong>Fols<\/strong><strong>\u00e4<\/strong><strong>ure<\/strong>.<\/li><li>Verhindert <strong>Gallensteine<\/strong> durch erh\u00f6hte Gallens\u00e4<\/li><li>Unterst\u00fctzt den <strong>Cholesterinstoffwechsel<\/strong>.<\/li><li><strong>Beschleunigt die Wundheilung<\/strong>, indem es die Bildung von Prolin und Lysin f\u00f6<\/li><li>Tr\u00e4gt zur <strong>Gewichtskontrolle<\/strong><\/li><li>Unterst\u00fctzt eine <strong>gesunde Sexualfunktion<\/strong>.<\/li><li>Lindert Beschwerden bei <strong>Magen- und Verdauungserkrankungen<\/strong> wie Reflux oder Magengeschw\u00fcren.<\/li><\/ul><h3><strong>Wie wird hochdosiertes Vitamin C angewendet?<\/strong><\/h3><p>Die hochdosierte Vitamin-C-Therapie wird <strong>intraven<\/strong><strong>\u00f6<\/strong><strong>s (IV)<\/strong> \u00fcber etwa <strong>45 Minuten<\/strong> verabreicht. Die L\u00f6sung wird dabei vor Licht gesch\u00fctzt, um ihre Wirksamkeit zu erhalten.<\/p><h3><strong>Verbessert Vitamin C das Hautbild?<\/strong><\/h3><p>Wussten Sie, dass Vitamin C zu den wichtigsten N\u00e4hrstoffen f\u00fcr <strong>Hautgesundheit und Sch<\/strong><strong>\u00f6<\/strong><strong>nheit<\/strong> geh\u00f6rt? Besonders in Kombination mit <strong>Glutathion<\/strong> entfaltet es in der IV-Therapie eine starke zellregenerierende Wirkung, da beide Wirkstoffe direkt \u00fcber den Blutkreislauf aufgenommen werden.<\/p><h3><strong>Hautvorteile von Vitamin C:<\/strong><\/h3><ul><li>Sch\u00fctzt die Haut vor <strong>freien Radikalen<\/strong> und <strong>UV-Sch<\/strong><strong>\u00e4den<\/strong>.<\/li><li>F\u00f6rdert eine <strong>elastischere und glattere Hautstruktur<\/strong> durch Regulierung der Kollagenproduktion.<\/li><li>Unterst\u00fctzt eine <strong>narbenfreie Wundheilung<\/strong>.<\/li><li>Bewahrt den <strong>Feuchtigkeitshaushalt der Haut<\/strong>, indem es die Lipidbildung in Hautzellen stimuliert.<\/li><\/ul><h3><strong>Gibt es Nebenwirkungen?<\/strong><\/h3><p>Es sind keine spezifischen Nebenwirkungen von hochdosiertem Vitamin C bekannt.<br \/>In <strong>Dr. Attila Ayd\u0131n<\/strong> verwenden wir das Produkt <strong>Pascorbin<\/strong>, das <strong>FDA-zugelassen<\/strong> ist und h\u00f6chste Qualit\u00e4tsstandards erf\u00fcllt.<\/p><h3><strong>Was kostet die IV-Vitamin-C-Therapie?<\/strong><\/h3><p>F\u00fcr Informationen zu den Kosten der hochdosierten Vitamin-C-Infusion kontaktieren Sie bitte unsere Klinik.<\/p><p>Sind Sie bereit f\u00fcr Ihre gesunde Dosis Vitamin C?<br \/>Kontaktieren oder schreiben Sie uns \u2013 bei <strong>Dr. Attila Ayd\u0131n<\/strong> bieten wir eine Vielzahl an <strong>IV-Cocktails<\/strong>, die individuell auf Ihre Bed\u00fcrfnisse abgestimmt sind.<\/p><\/div>\n\t\t\t\t<\/div>\n\t\t\t\t<\/div>\n\t\t\t\t\t\t<\/div>\n\t\t\t\t\t<\/div>\n\t\t<\/div>\n\t\t\t\t\t\t\t\t<\/div>\n\t\t\t\t\t<\/div>\n\t\t<\/section>\n\t\t\t\t<section class=\"elementor-section elementor-top-section elementor-element elementor-element-2aa7576 elementor-section-full_width elementor-section-height-default elementor-section-height-default qodef-elementor-content-no\" data-id=\"2aa7576\" data-element_type=\"section\" data-settings=\"{&quot;background_background&quot;:&quot;classic&quot;}\">\n\t\t\t\t\t\t<div class=\"elementor-container elementor-column-gap-default\">\n\t\t\t\t\t\t\t<div class=\"elementor-row\">\n\t\t\t\t\t<div class=\"elementor-column elementor-col-50 elementor-top-column elementor-element elementor-element-abe1d81\" data-id=\"abe1d81\" data-element_type=\"column\" data-settings=\"{&quot;background_background&quot;:&quot;classic&quot;}\">\n\t\t\t<div class=\"elementor-column-wrap elementor-element-populated\">\n\t\t\t\t\t\t\t<div class=\"elementor-widget-wrap\">\n\t\t\t\t\t\t<div class=\"elementor-element elementor-element-11d3d06 elementor-widget elementor-widget-touchup_core_section_title\" data-id=\"11d3d06\" data-element_type=\"widget\" data-widget_type=\"touchup_core_section_title.default\">\n\t\t\t\t<div class=\"elementor-widget-container\">\n\t\t\t<div class=\"qodef-shortcode qodef-m  qodef-section-title qodef-alignment--left  \">\n\t\t<h2 class=\"qodef-m-title\" >\n\t\t\t\t\tKontakt aufnehmen\t\t\t<\/h2>\n\t<\/div>\t\t<\/div>\n\t\t\t\t<\/div>\n\t\t\t\t<div class=\"elementor-element elementor-element-b387d45 elementor-widget elementor-widget-touchup_core_custom_font\" data-id=\"b387d45\" data-element_type=\"widget\" data-widget_type=\"touchup_core_custom_font.default\">\n\t\t\t\t<div class=\"elementor-widget-container\">\n\t\t\t<p class=\"qodef-shortcode qodef-m  qodef-custom-font qodef-custom-font-7550 qodef-layout--simple\" style=\"color: #F7847E;font-family: roboto;font-size: 12px;letter-spacing: 3px;font-weight: 400\">Haben Sie Fragen dazu?<\/p>\t\t<\/div>\n\t\t\t\t<\/div>\n\t\t\t\t<div class=\"elementor-element elementor-element-0622b34 elementor-widget elementor-widget-wp-widget-touchup_core_contact_form_7\" data-id=\"0622b34\" data-element_type=\"widget\" data-widget_type=\"wp-widget-touchup_core_contact_form_7.default\">\n\t\t\t\t<div class=\"elementor-widget-container\">\n\t\t\t\t\t\t<div class=\"qodef-contact-form-7\">\n\t\t\t\t<div role=\"form\" class=\"wpcf7\" id=\"wpcf7-f5274-o1\" lang=\"en-US\" dir=\"ltr\">\n<div class=\"screen-reader-response\" role=\"alert\" aria-live=\"polite\"><\/div>\n<form action=\"\/de\/wp-json\/wp\/v2\/pages\/9579#wpcf7-f5274-o1\" method=\"post\" class=\"wpcf7-form init\" novalidate=\"novalidate\">\n<div style=\"display: none;\">\n<input type=\"hidden\" name=\"_wpcf7\" value=\"5274\" \/>\n<input type=\"hidden\" name=\"_wpcf7_version\" value=\"5.2.2\" \/>\n<input type=\"hidden\" name=\"_wpcf7_locale\" value=\"en_US\" \/>\n<input type=\"hidden\" name=\"_wpcf7_unit_tag\" value=\"wpcf7-f5274-o1\" \/>\n<input type=\"hidden\" name=\"_wpcf7_container_post\" value=\"0\" \/>\n<input type=\"hidden\" name=\"_wpcf7_posted_data_hash\" value=\"\" \/>\n<\/div>\n<div class=\"contact-us\">\n<span class=\"wpcf7-form-control-wrap your-name\"><input type=\"text\" name=\"your-name\" value=\"\" size=\"40\" class=\"wpcf7-form-control wpcf7-text wpcf7-validates-as-required\" aria-required=\"true\" aria-invalid=\"false\" placeholder=\"Vollst\u00e4ndiger Name\" \/><\/span><br \/>\n<span class=\"wpcf7-form-control-wrap\" data-name=\"your-phone\"><input type=\"text\" name=\"your-phone\" value=\"\" size=\"40\" class=\"wpcf7-form-control wpcf7-text wpcf7-phonetext wpcf7-validates-as-required wpcf7-validates-as-phonetext\" aria-required=\"true\" aria-invalid=\"false\" placeholder=\"Telefonnummer\" \/><input type=\"hidden\" name=\"your-phone-country-code\" class=\"wpcf7-phonetext-country-code\" \/><\/span><br \/>\n<span class=\"wpcf7-form-control-wrap your-email\"><input type=\"email\" name=\"your-email\" value=\"\" size=\"40\" class=\"wpcf7-form-control wpcf7-text wpcf7-email wpcf7-validates-as-required wpcf7-validates-as-email\" aria-required=\"true\" aria-invalid=\"false\" placeholder=\"E-mail\" \/><\/span><br \/>\n<span class=\"wpcf7-form-control-wrap your-message\"><textarea name=\"your-message\" cols=\"40\" rows=\"2\" class=\"wpcf7-form-control wpcf7-textarea\" aria-invalid=\"false\" placeholder=\"Textnachricht\"><\/textarea><\/span><br \/>\n<button type=\"submit\" class=\"wpcf7-form-control wpcf7-submit qodef-button qodef-size--normal qodef-type--filled qodef-m\"><span class=\"qodef-m-text\">Senden<\/span><\/button>\n<\/div>\n<div class=\"wpcf7-response-output\" role=\"alert\" aria-hidden=\"true\"><\/div><\/form><\/div>\t\t\t<\/div>\n\t\t\t\t\t<\/div>\n\t\t\t\t<\/div>\n\t\t\t\t\t\t<\/div>\n\t\t\t\t\t<\/div>\n\t\t<\/div>\n\t\t\t\t<div class=\"elementor-column elementor-col-50 elementor-top-column elementor-element elementor-element-d468c6c\" data-id=\"d468c6c\" data-element_type=\"column\" data-settings=\"{&quot;background_background&quot;:&quot;classic&quot;}\">\n\t\t\t<div class=\"elementor-column-wrap elementor-element-populated\">\n\t\t\t\t\t\t\t<div class=\"elementor-widget-wrap\">\n\t\t\t\t\t\t<div class=\"elementor-element elementor-element-946a34f elementor-widget elementor-widget-touchup_core_image_with_text\" data-id=\"946a34f\" data-element_type=\"widget\" data-widget_type=\"touchup_core_image_with_text.default\">\n\t\t\t\t<div class=\"elementor-widget-container\">\n\t\t\t<div class=\"qodef-shortcode qodef-m  qodef-image-with-text qodef-layout--text-below qodef-alignment--left  \">\n\t<div class=\"qodef-m-image\">\n\t\t\t<img width=\"1920\" height=\"1200\" src=\"https:\/\/drattilaaydin.com\/de\/wp-content\/uploads\/2020\/03\/our-services-11.jpg\" class=\"attachment-full size-full\" alt=\"s\" loading=\"lazy\" srcset=\"https:\/\/drattilaaydin.com\/de\/wp-content\/uploads\/2020\/03\/our-services-11.jpg 1920w, https:\/\/drattilaaydin.com\/de\/wp-content\/uploads\/2020\/03\/our-services-11-300x188.jpg 300w, https:\/\/drattilaaydin.com\/de\/wp-content\/uploads\/2020\/03\/our-services-11-1024x640.jpg 1024w, https:\/\/drattilaaydin.com\/de\/wp-content\/uploads\/2020\/03\/our-services-11-768x480.jpg 768w, https:\/\/drattilaaydin.com\/de\/wp-content\/uploads\/2020\/03\/our-services-11-1536x960.jpg 1536w\" sizes=\"(max-width: 1920px) 100vw, 1920px\" \/>\t<\/div>\t<div class=\"qodef-m-content\">\n\t\t\t\t\t<\/div>\n<\/div>\t\t<\/div>\n\t\t\t\t<\/div>\n\t\t\t\t\t\t<\/div>\n\t\t\t\t\t<\/div>\n\t\t<\/div>\n\t\t\t\t\t\t\t\t<\/div>\n\t\t\t\t\t<\/div>\n\t\t<\/section>\n\t\t\t\t\t\t<\/div>\n\t\t\t\t\t\t<\/div>\n\t\t\t\t\t<\/div>\n\t\t","protected":false},"excerpt":{"rendered":"<p>Hochdosiertes Vitamin C: Der Antioxidantien-Booster Hochdosiertes Vitamin C, auch bekannt als L-Ascorbins\u00e4ure, ist ein wasserl\u00f6sliches Vitamin, das nat\u00fcrlich in bestimmten Lebensmitteln vorkommt. Da der menschliche K\u00f6rper Vitamin C nicht selbst produzieren kann, ist es ein lebensnotwendiger N\u00e4hrstoff, der t\u00e4glich \u00fcber Nahrung oder Nahrungserg\u00e4nzungsmittel zugef\u00fchrt werden muss. Vitamin C kann nicht gespeichert werden \u2013 daher ist [&hellip;]<\/p>\n","protected":false},"author":1,"featured_media":0,"parent":0,"menu_order":0,"comment_status":"closed","ping_status":"closed","template":"page-full-width.php","meta":[],"_links":{"self":[{"href":"https:\/\/drattilaaydin.com\/de\/wp-json\/wp\/v2\/pages\/9579"}],"collection":[{"href":"https:\/\/drattilaaydin.com\/de\/wp-json\/wp\/v2\/pages"}],"about":[{"href":"https:\/\/drattilaaydin.com\/de\/wp-json\/wp\/v2\/types\/page"}],"author":[{"embeddable":true,"href":"https:\/\/drattilaaydin.com\/de\/wp-json\/wp\/v2\/users\/1"}],"replies":[{"embeddable":true,"href":"https:\/\/drattilaaydin.com\/de\/wp-json\/wp\/v2\/comments?post=9579"}],"version-history":[{"count":6,"href":"https:\/\/drattilaaydin.com\/de\/wp-json\/wp\/v2\/pages\/9579\/revisions"}],"predecessor-version":[{"id":11933,"href":"https:\/\/drattilaaydin.com\/de\/wp-json\/wp\/v2\/pages\/9579\/revisions\/11933"}],"wp:attachment":[{"href":"https:\/\/drattilaaydin.com\/de\/wp-json\/wp\/v2\/media?parent=9579"}],"curies":[{"name":"wp","href":"https:\/\/api.w.org\/{rel}","templated":true}]}}