{"id":9494,"date":"2021-06-14T07:41:44","date_gmt":"2021-06-14T07:41:44","guid":{"rendered":"http:\/\/miaclinics.com.tr\/?page_id=9494"},"modified":"2025-12-17T08:09:32","modified_gmt":"2025-12-17T08:09:32","slug":"collagen-injections","status":"publish","type":"page","link":"https:\/\/drattilaaydin.com\/de\/collagen-injections\/","title":{"rendered":"Collagen Injections"},"content":{"rendered":"\t\t<div data-elementor-type=\"wp-page\" data-elementor-id=\"9494\" class=\"elementor elementor-9494\" data-elementor-settings=\"[]\">\n\t\t\t\t\t\t<div class=\"elementor-inner\">\n\t\t\t\t\t\t\t<div class=\"elementor-section-wrap\">\n\t\t\t\t\t\t\t<section class=\"elementor-section elementor-top-section elementor-element elementor-element-e7aa142 qodef-elementor-content-grid elementor-section-boxed elementor-section-height-default elementor-section-height-default\" data-id=\"e7aa142\" data-element_type=\"section\">\n\t\t\t\t\t\t<div class=\"elementor-container elementor-column-gap-default\">\n\t\t\t\t\t\t\t<div class=\"elementor-row\">\n\t\t\t\t\t<div class=\"elementor-column elementor-col-100 elementor-top-column elementor-element elementor-element-2eda24f\" data-id=\"2eda24f\" data-element_type=\"column\">\n\t\t\t<div class=\"elementor-column-wrap elementor-element-populated\">\n\t\t\t\t\t\t\t<div class=\"elementor-widget-wrap\">\n\t\t\t\t\t\t<div class=\"elementor-element elementor-element-16d2995 elementor-widget elementor-widget-text-editor\" data-id=\"16d2995\" data-element_type=\"widget\" data-widget_type=\"text-editor.default\">\n\t\t\t\t<div class=\"elementor-widget-container\">\n\t\t\t\t\t<div class=\"elementor-text-editor elementor-clearfix\"><h2><strong>Kollagen-Injektion: Verbessern Sie Ihre Hautqualit<\/strong><strong>\u00e4t<\/strong><\/h2><p>Die <strong>Kollagenproduktion<\/strong> im K\u00f6rper nimmt mit zunehmendem Alter ab oder kann ganz zum Stillstand kommen.<br \/>Durch <strong>Kollagen-Injektionen<\/strong> und Filler kann die k\u00f6rpereigene Produktion wieder aktiviert und das Hautgewebe erneuert werden.<br \/>Mit dieser Behandlung lassen sich <strong>Falten gl<\/strong><strong>\u00e4tten<\/strong>, <strong>Hauterschlaffung reduzieren<\/strong> und das Erscheinungsbild von <strong>Narben oder Aknenarben deutlich verbessern<\/strong>.<\/p><h3><strong>Wof<\/strong><strong>\u00fc<\/strong><strong>r werden Kollagen-Injektionen angewendet?<\/strong><\/h3><p><strong>Hyalurons<\/strong><strong>\u00e4<\/strong><strong>ure<\/strong> ist eines der wichtigsten Elemente unserer Haut.<br \/>Kollagen- und Hyalurons\u00e4ure-Injektionen werden eingesetzt, um:<\/p><ul><li>die <strong>Hautqualit<\/strong><strong>\u00e4<\/strong><strong>t zu verbessern<\/strong><\/li><li>die Haut <strong>intensiv zu befeuchten<\/strong><\/li><li>den <strong>Hautton auszugleichen<\/strong><\/li><li>die <strong>Elastizit<\/strong><strong>\u00e4<\/strong><strong>t zu erh<\/strong><strong>\u00f6<\/strong><strong>hen<\/strong><\/li><li>die Haut <strong>zu verj<\/strong><strong>\u00fc<\/strong><strong>ngen<\/strong><\/li><\/ul><h3><strong>Wie viele Sitzungen sind erforderlich?<\/strong><\/h3><p>Die Anzahl der Sitzungen h\u00e4ngt von Ihrem <strong>Hauttyp und Alter<\/strong> ab.<br \/>In der Regel werden <strong>2\u2013<\/strong><strong>3 Sitzungen pro Jahr<\/strong> empfohlen, um die Hautqualit\u00e4t zu erhalten und eine fortgeschrittene Hautpflege zu gew\u00e4hrleisten.<\/p><h3><strong>Wie lange h<\/strong><strong>\u00e4<\/strong><strong>lt das Ergebnis an?<\/strong><\/h3><p>Nach <strong>2\u2013<\/strong><strong>3 Sitzungen<\/strong> h\u00e4lt die Wirkung im Durchschnitt etwa <strong>1 Jahr<\/strong> an.<br \/>Da der Alterungsprozess kontinuierlich fortschreitet, sollte die Behandlung <strong>regelm<\/strong><strong>\u00e4\u00dfig aufgefrischt<\/strong> werden, um die Schutzwirkung zu erhalten.<br \/>Selbst das <strong>Bewahren der aktuellen Hautqualit<\/strong><strong>\u00e4t<\/strong> gilt bereits als Erfolg.<\/p><h3><strong>Was sind die Vorteile von Kollagen-Injektionen?<\/strong><\/h3><p>Um das biologische Alter Ihrer Haut zu pr\u00fcfen, k\u00f6nnen Sie einen einfachen Test durchf\u00fchren:<br \/>Ziehen Sie die Haut unter Ihrem Auge leicht nach unten und beobachten Sie, wie lange sie braucht, um zur\u00fcckzuspringen.<br \/>Je l\u00e4nger dieser Vorgang dauert, desto geringer ist die Hautelastizit\u00e4t \u2013 ein Zeichen f\u00fcr nachlassende Kollagenproduktion.<\/p><h3><strong>Vorteile der Kollagen-Injektion:<\/strong><\/h3><ul><li>Verbessert die <strong>Elastizit<\/strong><strong>\u00e4<\/strong><strong>t und Textur<\/strong> der Haut<\/li><li>Gl\u00e4ttet <strong>Falten und feine Linien<\/strong><\/li><li>Reduziert <strong>Narben und Aknenarben<\/strong><\/li><li><strong>Schnell und minimal-invasiv<\/strong>, ohne Operation<\/li><li><strong>Keine Ausfallzeit<\/strong><\/li><\/ul><h3><strong>Gibt es Nebenwirkungen?<\/strong><\/h3><p>Die Behandlung ist in der Regel <strong>sehr gut vertr<\/strong><strong>\u00e4<\/strong><strong>glich<\/strong>.<br \/>M\u00f6gliche, kurzfristige Reaktionen wie <strong>R<\/strong><strong>\u00f6<\/strong><strong>tung, Schwellung oder leichtes Brennen<\/strong> an der Injektionsstelle verschwinden meist <strong>innerhalb weniger Stunden<\/strong>.<\/p><p>Bitte beachten Sie, dass Kollagen-Injektionen <strong>keine chirurgischen Eingriffe<\/strong> ersetzen \u2013 tiefe Falten oder starke Hauterschlaffung k\u00f6nnen nur operativ (z. B. durch ein Facelift) korrigiert werden.<\/p><h3><strong>Wie viel kostet eine Kollagen-Behandlung?<\/strong><\/h3><p>Die Kosten variieren je nach <strong>Art der Behandlung<\/strong>, <strong>medizinischer Expertise<\/strong> und <strong>individuellem Behandlungsplan<\/strong>.<\/p><p>Kontaktieren Sie uns gerne, um eine <strong>kostenlose Beratung<\/strong> zu vereinbaren und Ihr pers\u00f6nliches Behandlungskonzept zu erhalten.<\/p><\/div>\n\t\t\t\t<\/div>\n\t\t\t\t<\/div>\n\t\t\t\t\t\t<\/div>\n\t\t\t\t\t<\/div>\n\t\t<\/div>\n\t\t\t\t\t\t\t\t<\/div>\n\t\t\t\t\t<\/div>\n\t\t<\/section>\n\t\t\t\t<section class=\"elementor-section elementor-top-section elementor-element elementor-element-2aa7576 elementor-section-full_width elementor-section-height-default elementor-section-height-default qodef-elementor-content-no\" data-id=\"2aa7576\" data-element_type=\"section\" data-settings=\"{&quot;background_background&quot;:&quot;classic&quot;}\">\n\t\t\t\t\t\t<div class=\"elementor-container elementor-column-gap-default\">\n\t\t\t\t\t\t\t<div class=\"elementor-row\">\n\t\t\t\t\t<div class=\"elementor-column elementor-col-50 elementor-top-column elementor-element elementor-element-abe1d81\" data-id=\"abe1d81\" data-element_type=\"column\" data-settings=\"{&quot;background_background&quot;:&quot;classic&quot;}\">\n\t\t\t<div class=\"elementor-column-wrap elementor-element-populated\">\n\t\t\t\t\t\t\t<div class=\"elementor-widget-wrap\">\n\t\t\t\t\t\t<div class=\"elementor-element elementor-element-11d3d06 elementor-widget elementor-widget-touchup_core_section_title\" data-id=\"11d3d06\" data-element_type=\"widget\" data-widget_type=\"touchup_core_section_title.default\">\n\t\t\t\t<div class=\"elementor-widget-container\">\n\t\t\t<div class=\"qodef-shortcode qodef-m  qodef-section-title qodef-alignment--left  \">\n\t\t<h2 class=\"qodef-m-title\" >\n\t\t\t\t\tKontakt aufnehmen\t\t\t<\/h2>\n\t<\/div>\t\t<\/div>\n\t\t\t\t<\/div>\n\t\t\t\t<div class=\"elementor-element elementor-element-b387d45 elementor-widget elementor-widget-touchup_core_custom_font\" data-id=\"b387d45\" data-element_type=\"widget\" data-widget_type=\"touchup_core_custom_font.default\">\n\t\t\t\t<div class=\"elementor-widget-container\">\n\t\t\t<p class=\"qodef-shortcode qodef-m  qodef-custom-font qodef-custom-font-9842 qodef-layout--simple\" style=\"color: #F7847E;font-family: roboto;font-size: 12px;letter-spacing: 3px;font-weight: 400\">Haben Sie Fragen dazu?<\/p>\t\t<\/div>\n\t\t\t\t<\/div>\n\t\t\t\t<div class=\"elementor-element elementor-element-0622b34 elementor-widget elementor-widget-wp-widget-touchup_core_contact_form_7\" data-id=\"0622b34\" data-element_type=\"widget\" data-widget_type=\"wp-widget-touchup_core_contact_form_7.default\">\n\t\t\t\t<div class=\"elementor-widget-container\">\n\t\t\t\t\t\t<div class=\"qodef-contact-form-7\">\n\t\t\t\t<div role=\"form\" class=\"wpcf7\" id=\"wpcf7-f5274-o1\" lang=\"en-US\" dir=\"ltr\">\n<div class=\"screen-reader-response\" role=\"alert\" aria-live=\"polite\"><\/div>\n<form action=\"\/de\/wp-json\/wp\/v2\/pages\/9494#wpcf7-f5274-o1\" method=\"post\" class=\"wpcf7-form init\" novalidate=\"novalidate\">\n<div style=\"display: none;\">\n<input type=\"hidden\" name=\"_wpcf7\" value=\"5274\" \/>\n<input type=\"hidden\" name=\"_wpcf7_version\" value=\"5.2.2\" \/>\n<input type=\"hidden\" name=\"_wpcf7_locale\" value=\"en_US\" \/>\n<input type=\"hidden\" name=\"_wpcf7_unit_tag\" value=\"wpcf7-f5274-o1\" \/>\n<input type=\"hidden\" name=\"_wpcf7_container_post\" value=\"0\" \/>\n<input type=\"hidden\" name=\"_wpcf7_posted_data_hash\" value=\"\" \/>\n<\/div>\n<div class=\"contact-us\">\n<span class=\"wpcf7-form-control-wrap your-name\"><input type=\"text\" name=\"your-name\" value=\"\" size=\"40\" class=\"wpcf7-form-control wpcf7-text wpcf7-validates-as-required\" aria-required=\"true\" aria-invalid=\"false\" placeholder=\"Vollst\u00e4ndiger Name\" \/><\/span><br \/>\n<span class=\"wpcf7-form-control-wrap\" data-name=\"your-phone\"><input type=\"text\" name=\"your-phone\" value=\"\" size=\"40\" class=\"wpcf7-form-control wpcf7-text wpcf7-phonetext wpcf7-validates-as-required wpcf7-validates-as-phonetext\" aria-required=\"true\" aria-invalid=\"false\" placeholder=\"Telefonnummer\" \/><input type=\"hidden\" name=\"your-phone-country-code\" class=\"wpcf7-phonetext-country-code\" \/><\/span><br \/>\n<span class=\"wpcf7-form-control-wrap your-email\"><input type=\"email\" name=\"your-email\" value=\"\" size=\"40\" class=\"wpcf7-form-control wpcf7-text wpcf7-email wpcf7-validates-as-required wpcf7-validates-as-email\" aria-required=\"true\" aria-invalid=\"false\" placeholder=\"E-mail\" \/><\/span><br \/>\n<span class=\"wpcf7-form-control-wrap your-message\"><textarea name=\"your-message\" cols=\"40\" rows=\"2\" class=\"wpcf7-form-control wpcf7-textarea\" aria-invalid=\"false\" placeholder=\"Textnachricht\"><\/textarea><\/span><br \/>\n<button type=\"submit\" class=\"wpcf7-form-control wpcf7-submit qodef-button qodef-size--normal qodef-type--filled qodef-m\"><span class=\"qodef-m-text\">Senden<\/span><\/button>\n<\/div>\n<div class=\"wpcf7-response-output\" role=\"alert\" aria-hidden=\"true\"><\/div><\/form><\/div>\t\t\t<\/div>\n\t\t\t\t\t<\/div>\n\t\t\t\t<\/div>\n\t\t\t\t\t\t<\/div>\n\t\t\t\t\t<\/div>\n\t\t<\/div>\n\t\t\t\t<div class=\"elementor-column elementor-col-50 elementor-top-column elementor-element elementor-element-d468c6c\" data-id=\"d468c6c\" data-element_type=\"column\" data-settings=\"{&quot;background_background&quot;:&quot;classic&quot;}\">\n\t\t\t<div class=\"elementor-column-wrap elementor-element-populated\">\n\t\t\t\t\t\t\t<div class=\"elementor-widget-wrap\">\n\t\t\t\t\t\t<div class=\"elementor-element elementor-element-946a34f elementor-widget elementor-widget-touchup_core_image_with_text\" data-id=\"946a34f\" data-element_type=\"widget\" data-widget_type=\"touchup_core_image_with_text.default\">\n\t\t\t\t<div class=\"elementor-widget-container\">\n\t\t\t<div class=\"qodef-shortcode qodef-m  qodef-image-with-text qodef-layout--text-below qodef-alignment--left  \">\n\t<div class=\"qodef-m-image\">\n\t\t\t<img width=\"1920\" height=\"1200\" src=\"https:\/\/drattilaaydin.com\/de\/wp-content\/uploads\/2020\/03\/our-services-11.jpg\" class=\"attachment-full size-full\" alt=\"s\" loading=\"lazy\" srcset=\"https:\/\/drattilaaydin.com\/de\/wp-content\/uploads\/2020\/03\/our-services-11.jpg 1920w, https:\/\/drattilaaydin.com\/de\/wp-content\/uploads\/2020\/03\/our-services-11-300x188.jpg 300w, https:\/\/drattilaaydin.com\/de\/wp-content\/uploads\/2020\/03\/our-services-11-1024x640.jpg 1024w, https:\/\/drattilaaydin.com\/de\/wp-content\/uploads\/2020\/03\/our-services-11-768x480.jpg 768w, https:\/\/drattilaaydin.com\/de\/wp-content\/uploads\/2020\/03\/our-services-11-1536x960.jpg 1536w\" sizes=\"(max-width: 1920px) 100vw, 1920px\" \/>\t<\/div>\t<div class=\"qodef-m-content\">\n\t\t\t\t\t<\/div>\n<\/div>\t\t<\/div>\n\t\t\t\t<\/div>\n\t\t\t\t\t\t<\/div>\n\t\t\t\t\t<\/div>\n\t\t<\/div>\n\t\t\t\t\t\t\t\t<\/div>\n\t\t\t\t\t<\/div>\n\t\t<\/section>\n\t\t\t\t\t\t<\/div>\n\t\t\t\t\t\t<\/div>\n\t\t\t\t\t<\/div>\n\t\t","protected":false},"excerpt":{"rendered":"<p>Kollagen-Injektion: Verbessern Sie Ihre Hautqualit\u00e4t Die Kollagenproduktion im K\u00f6rper nimmt mit zunehmendem Alter ab oder kann ganz zum Stillstand kommen.Durch Kollagen-Injektionen und Filler kann die k\u00f6rpereigene Produktion wieder aktiviert und das Hautgewebe erneuert werden.Mit dieser Behandlung lassen sich Falten gl\u00e4tten, Hauterschlaffung reduzieren und das Erscheinungsbild von Narben oder Aknenarben deutlich verbessern. Wof\u00fcr werden Kollagen-Injektionen angewendet? [&hellip;]<\/p>\n","protected":false},"author":1,"featured_media":0,"parent":0,"menu_order":0,"comment_status":"closed","ping_status":"closed","template":"page-full-width.php","meta":[],"_links":{"self":[{"href":"https:\/\/drattilaaydin.com\/de\/wp-json\/wp\/v2\/pages\/9494"}],"collection":[{"href":"https:\/\/drattilaaydin.com\/de\/wp-json\/wp\/v2\/pages"}],"about":[{"href":"https:\/\/drattilaaydin.com\/de\/wp-json\/wp\/v2\/types\/page"}],"author":[{"embeddable":true,"href":"https:\/\/drattilaaydin.com\/de\/wp-json\/wp\/v2\/users\/1"}],"replies":[{"embeddable":true,"href":"https:\/\/drattilaaydin.com\/de\/wp-json\/wp\/v2\/comments?post=9494"}],"version-history":[{"count":5,"href":"https:\/\/drattilaaydin.com\/de\/wp-json\/wp\/v2\/pages\/9494\/revisions"}],"predecessor-version":[{"id":11945,"href":"https:\/\/drattilaaydin.com\/de\/wp-json\/wp\/v2\/pages\/9494\/revisions\/11945"}],"wp:attachment":[{"href":"https:\/\/drattilaaydin.com\/de\/wp-json\/wp\/v2\/media?parent=9494"}],"curies":[{"name":"wp","href":"https:\/\/api.w.org\/{rel}","templated":true}]}}