{"id":9493,"date":"2021-06-14T07:41:38","date_gmt":"2021-06-14T07:41:38","guid":{"rendered":"http:\/\/miaclinics.com.tr\/?page_id=9493"},"modified":"2025-12-17T08:08:40","modified_gmt":"2025-12-17T08:08:40","slug":"glutathione","status":"publish","type":"page","link":"https:\/\/drattilaaydin.com\/de\/glutathione\/","title":{"rendered":"Glutathione"},"content":{"rendered":"\t\t<div data-elementor-type=\"wp-page\" data-elementor-id=\"9493\" class=\"elementor elementor-9493\" data-elementor-settings=\"[]\">\n\t\t\t\t\t\t<div class=\"elementor-inner\">\n\t\t\t\t\t\t\t<div class=\"elementor-section-wrap\">\n\t\t\t\t\t\t\t<section class=\"elementor-section elementor-top-section elementor-element elementor-element-e7aa142 qodef-elementor-content-grid elementor-section-boxed elementor-section-height-default elementor-section-height-default\" data-id=\"e7aa142\" data-element_type=\"section\">\n\t\t\t\t\t\t<div class=\"elementor-container elementor-column-gap-default\">\n\t\t\t\t\t\t\t<div class=\"elementor-row\">\n\t\t\t\t\t<div class=\"elementor-column elementor-col-100 elementor-top-column elementor-element elementor-element-2eda24f\" data-id=\"2eda24f\" data-element_type=\"column\">\n\t\t\t<div class=\"elementor-column-wrap elementor-element-populated\">\n\t\t\t\t\t\t\t<div class=\"elementor-widget-wrap\">\n\t\t\t\t\t\t<div class=\"elementor-element elementor-element-16d2995 elementor-widget elementor-widget-text-editor\" data-id=\"16d2995\" data-element_type=\"widget\" data-widget_type=\"text-editor.default\">\n\t\t\t\t<div class=\"elementor-widget-container\">\n\t\t\t\t\t<div class=\"elementor-text-editor elementor-clearfix\"><h2><strong>Anti-Aging-Wunder: Glutathion<\/strong><\/h2><p>Antioxidantien sch\u00fctzen unsere Zellen vor sch\u00e4dlichen Einfl\u00fcssen. Die k\u00f6rpereigene Produktion von Antioxidantien kann durch Faktoren wie Mangelern\u00e4hrung, Giftstoffe, Stress und Alter abnehmen. Das st\u00e4rkste Antioxidans, Glutathion genannt, besteht aus drei Hauptaminos\u00e4uren: Glutamin, Glycin und Cystein. Diese Aminos\u00e4uren werden entweder nat\u00fcrlich vom K\u00f6rper gebildet oder k\u00f6nnen ihm auf verschiedene Weise zugef\u00fchrt werden.<\/p><p>Entdecken Sie die Details dieser <strong>wundersamen Therapie<\/strong>, um die richtige Methode f\u00fcr sich zu w\u00e4hlen \u2013 oder vereinbaren Sie jetzt ein <strong>kostenloses Beratungsgespr<\/strong><strong>\u00e4ch<\/strong> und machen Sie den ersten Schritt zu einer positiven Ver\u00e4nderung in Ihrem Leben.<\/p><h3><strong>Wof<\/strong><strong>\u00fc<\/strong><strong>r wird Glutathion verwendet?<\/strong><\/h3><p>Glutathion gilt als eine der wirksamsten Optionen, um die allgemeine Gesundheit des K\u00f6rpers zu unterst\u00fctzen. Es ist eine zuverl\u00e4ssige Behandlung bei vielen Erkrankungen \u2013 insbesondere bei <strong>Hautproblemen, Autismus, Lebererkrankungen<\/strong>und <strong>Insulinresistenz<\/strong>.<\/p><h3><strong>Wie funktioniert die Glutathion-Therapie?<\/strong><\/h3><p>Ab dem 30. Lebensjahr produziert unser K\u00f6rper oft nicht mehr gen\u00fcgend Glutathion, weshalb eine <strong>externe Zufuhr<\/strong>notwendig wird.<br \/>Glutathion wirkt wie ein <strong>Schutzschild gegen Umweltfaktoren<\/strong>, die durch das Stadtleben verursacht werden. Luftverschmutzung und die Ansammlung von Schwermetallen im K\u00f6rper k\u00f6nnen durch Glutathion-Therapie neutralisiert werden.<\/p><h3><strong>Bei welchen Erkrankungen wird Glutathion eingesetzt?<\/strong><\/h3><p>Glutathion hat ein breites Wirkungsspektrum. Hier sind einige der Hauptanwendungsgebiete, bei denen Sie von seiner Wirkung profitieren k\u00f6nnen:<\/p><ul><li><strong>Lebererkrankungen:<\/strong><br \/>Glutathion hilft, die sch\u00e4dlichen Auswirkungen von Alkohol und Hepatitis auf die Leber umzukehren und unterst\u00fctzt die Regeneration.<\/li><li><strong>Insulinresistenz:<\/strong><br \/>Studien zeigen, dass ein erh\u00f6hter Glutathionspiegel mit einer Verbesserung der Insulinresistenz einhergeht.<\/li><li><strong>Anti-Aging:<\/strong><br \/>Falten und Hauterschlaffung sind sichtbare Zeichen des Alterns. Glutathion kann helfen, diese zu reduzieren und den K\u00f6rper zu revitalisieren.<\/li><li><strong>Autismus:<\/strong><br \/>Auch bei Autismus kann Glutathion eine unterst\u00fctzende Behandlung darstellen, da es wichtige Entgiftungsprozesse im K\u00f6rper st\u00e4rkt.<\/li><\/ul><h3><strong>Wie nimmt man Glutathion am besten ein?<\/strong><\/h3><p>Die Halbwertszeit von Glutathion ist sehr kurz. <strong>Orale Pr<\/strong><strong>\u00e4<\/strong><strong>parate<\/strong> haben aufgrund ihrer geringen Bioverf\u00fcgbarkeit oft nicht die gew\u00fcnschte Wirkung. Die effektivste Form ist daher die <strong>intraven<\/strong><strong>\u00f6<\/strong><strong>se (IV) Anwendung<\/strong>.<\/p><h3><strong>Was sind die Vorteile einer Glutathion-IV-Therapie?<\/strong><\/h3><p>Die Wirkungen von Glutathion sind vielf\u00e4ltig und unterst\u00fctzen zahlreiche K\u00f6rperfunktionen:<\/p><ul><li>F\u00f6rdert die <strong>DNA- und Proteinproduktion<\/strong> sowie die <strong>Zellregeneration<\/strong><\/li><li>St\u00e4rkt das <strong>Immunsystem<\/strong><\/li><li>Unterst\u00fctzt die <strong>Spermienproduktion<\/strong><\/li><li>Reduziert <strong>freie Radikale<\/strong><\/li><li>F\u00f6rdert die Aktivit\u00e4t k\u00f6rpereigener <strong>Enzyme<\/strong><\/li><li>Verhindert die <strong>Quecksilberansammlung<\/strong> im Gehirn<\/li><li>Sch\u00fctzt vor <strong>nichtalkoholischer Fettleber<\/strong><\/li><li>Unterst\u00fctzt den <strong>programmierten Zelltod<\/strong> (Apoptose)<\/li><\/ul><p>Die positiven Effekte treten in der Regel <strong>nach 4<\/strong><strong>\u2013<\/strong><strong>5 Sitzungen<\/strong> auf. Empfohlen wird eine <strong>w<\/strong><strong>\u00f6<\/strong><strong>chentliche Anwendung<\/strong>.<\/p><h3><strong>Wie wirkt Glutathion auf die Haut?<\/strong><\/h3><p>Glutathion ist bekannt f\u00fcr seine <strong>hautaufhellende und verj<\/strong><strong>\u00fc<\/strong><strong>ngende Wirkung<\/strong>. Nach der Behandlung erscheint die Haut <strong>strahlender und gleichm\u00e4\u00df<\/strong><strong>iger<\/strong>.<br \/>Die optimale Dosis betr\u00e4gt <strong>600 mg<\/strong> pro Sitzung, ab der dritten Sitzung wird sie auf <strong>1200 mg<\/strong> erh\u00f6ht \u2013 diese Menge wird auch f\u00fcr Hautaufhellung verwendet.<\/p><h3><strong>Gibt es Nebenwirkungen?<\/strong><\/h3><p>Glutathion gilt als sehr sicher und hat <strong>keine bekannten Nebenwirkungen<\/strong>. Es wirkt \u00e4hnlich wie ein Vitamin- oder Mineralstoffpr\u00e4parat.<br \/>Patienten mit <strong>Bluthochdruck<\/strong> sollten jedoch ihren Arzt informieren.<\/p><h3><strong>Wie hoch sind die Kosten f<\/strong><strong>\u00fc<\/strong><strong>r Glutathion?<\/strong><\/h3><p>F\u00fcr Preisinformationen zur Glutathion-Behandlung kontaktieren Sie bitte unsere Klinik.<\/p><\/div>\n\t\t\t\t<\/div>\n\t\t\t\t<\/div>\n\t\t\t\t\t\t<\/div>\n\t\t\t\t\t<\/div>\n\t\t<\/div>\n\t\t\t\t\t\t\t\t<\/div>\n\t\t\t\t\t<\/div>\n\t\t<\/section>\n\t\t\t\t<section class=\"elementor-section elementor-top-section elementor-element elementor-element-2aa7576 elementor-section-full_width elementor-section-height-default elementor-section-height-default qodef-elementor-content-no\" data-id=\"2aa7576\" data-element_type=\"section\" data-settings=\"{&quot;background_background&quot;:&quot;classic&quot;}\">\n\t\t\t\t\t\t<div class=\"elementor-container elementor-column-gap-default\">\n\t\t\t\t\t\t\t<div class=\"elementor-row\">\n\t\t\t\t\t<div class=\"elementor-column elementor-col-50 elementor-top-column elementor-element elementor-element-abe1d81\" data-id=\"abe1d81\" data-element_type=\"column\" data-settings=\"{&quot;background_background&quot;:&quot;classic&quot;}\">\n\t\t\t<div class=\"elementor-column-wrap elementor-element-populated\">\n\t\t\t\t\t\t\t<div class=\"elementor-widget-wrap\">\n\t\t\t\t\t\t<div class=\"elementor-element elementor-element-11d3d06 elementor-widget elementor-widget-touchup_core_section_title\" data-id=\"11d3d06\" data-element_type=\"widget\" data-widget_type=\"touchup_core_section_title.default\">\n\t\t\t\t<div class=\"elementor-widget-container\">\n\t\t\t<div class=\"qodef-shortcode qodef-m  qodef-section-title qodef-alignment--left  \">\n\t\t<h2 class=\"qodef-m-title\" >\n\t\t\t\t\tKontakt aufnehmen\t\t\t<\/h2>\n\t<\/div>\t\t<\/div>\n\t\t\t\t<\/div>\n\t\t\t\t<div class=\"elementor-element elementor-element-b387d45 elementor-widget elementor-widget-touchup_core_custom_font\" data-id=\"b387d45\" data-element_type=\"widget\" data-widget_type=\"touchup_core_custom_font.default\">\n\t\t\t\t<div class=\"elementor-widget-container\">\n\t\t\t<p class=\"qodef-shortcode qodef-m  qodef-custom-font qodef-custom-font-9926 qodef-layout--simple\" style=\"color: #F7847E;font-family: roboto;font-size: 12px;letter-spacing: 3px;font-weight: 400\">Haben Sie Fragen dazu?<\/p>\t\t<\/div>\n\t\t\t\t<\/div>\n\t\t\t\t<div class=\"elementor-element elementor-element-0622b34 elementor-widget elementor-widget-wp-widget-touchup_core_contact_form_7\" data-id=\"0622b34\" data-element_type=\"widget\" data-widget_type=\"wp-widget-touchup_core_contact_form_7.default\">\n\t\t\t\t<div class=\"elementor-widget-container\">\n\t\t\t\t\t\t<div class=\"qodef-contact-form-7\">\n\t\t\t\t<div role=\"form\" class=\"wpcf7\" id=\"wpcf7-f5274-o1\" lang=\"en-US\" dir=\"ltr\">\n<div class=\"screen-reader-response\" role=\"alert\" aria-live=\"polite\"><\/div>\n<form action=\"\/de\/wp-json\/wp\/v2\/pages\/9493#wpcf7-f5274-o1\" method=\"post\" class=\"wpcf7-form init\" novalidate=\"novalidate\">\n<div style=\"display: none;\">\n<input type=\"hidden\" name=\"_wpcf7\" value=\"5274\" \/>\n<input type=\"hidden\" name=\"_wpcf7_version\" value=\"5.2.2\" \/>\n<input type=\"hidden\" name=\"_wpcf7_locale\" value=\"en_US\" \/>\n<input type=\"hidden\" name=\"_wpcf7_unit_tag\" value=\"wpcf7-f5274-o1\" \/>\n<input type=\"hidden\" name=\"_wpcf7_container_post\" value=\"0\" \/>\n<input type=\"hidden\" name=\"_wpcf7_posted_data_hash\" value=\"\" \/>\n<\/div>\n<div class=\"contact-us\">\n<span class=\"wpcf7-form-control-wrap your-name\"><input type=\"text\" name=\"your-name\" value=\"\" size=\"40\" class=\"wpcf7-form-control wpcf7-text wpcf7-validates-as-required\" aria-required=\"true\" aria-invalid=\"false\" placeholder=\"Vollst\u00e4ndiger Name\" \/><\/span><br \/>\n<span class=\"wpcf7-form-control-wrap\" data-name=\"your-phone\"><input type=\"text\" name=\"your-phone\" value=\"\" size=\"40\" class=\"wpcf7-form-control wpcf7-text wpcf7-phonetext wpcf7-validates-as-required wpcf7-validates-as-phonetext\" aria-required=\"true\" aria-invalid=\"false\" placeholder=\"Telefonnummer\" \/><input type=\"hidden\" name=\"your-phone-country-code\" class=\"wpcf7-phonetext-country-code\" \/><\/span><br \/>\n<span class=\"wpcf7-form-control-wrap your-email\"><input type=\"email\" name=\"your-email\" value=\"\" size=\"40\" class=\"wpcf7-form-control wpcf7-text wpcf7-email wpcf7-validates-as-required wpcf7-validates-as-email\" aria-required=\"true\" aria-invalid=\"false\" placeholder=\"E-mail\" \/><\/span><br \/>\n<span class=\"wpcf7-form-control-wrap your-message\"><textarea name=\"your-message\" cols=\"40\" rows=\"2\" class=\"wpcf7-form-control wpcf7-textarea\" aria-invalid=\"false\" placeholder=\"Textnachricht\"><\/textarea><\/span><br \/>\n<button type=\"submit\" class=\"wpcf7-form-control wpcf7-submit qodef-button qodef-size--normal qodef-type--filled qodef-m\"><span class=\"qodef-m-text\">Senden<\/span><\/button>\n<\/div>\n<div class=\"wpcf7-response-output\" role=\"alert\" aria-hidden=\"true\"><\/div><\/form><\/div>\t\t\t<\/div>\n\t\t\t\t\t<\/div>\n\t\t\t\t<\/div>\n\t\t\t\t\t\t<\/div>\n\t\t\t\t\t<\/div>\n\t\t<\/div>\n\t\t\t\t<div class=\"elementor-column elementor-col-50 elementor-top-column elementor-element elementor-element-d468c6c\" data-id=\"d468c6c\" data-element_type=\"column\" data-settings=\"{&quot;background_background&quot;:&quot;classic&quot;}\">\n\t\t\t<div class=\"elementor-column-wrap elementor-element-populated\">\n\t\t\t\t\t\t\t<div class=\"elementor-widget-wrap\">\n\t\t\t\t\t\t<div class=\"elementor-element elementor-element-946a34f elementor-widget elementor-widget-touchup_core_image_with_text\" data-id=\"946a34f\" data-element_type=\"widget\" data-widget_type=\"touchup_core_image_with_text.default\">\n\t\t\t\t<div class=\"elementor-widget-container\">\n\t\t\t<div class=\"qodef-shortcode qodef-m  qodef-image-with-text qodef-layout--text-below qodef-alignment--left  \">\n\t<div class=\"qodef-m-image\">\n\t\t\t<img width=\"1920\" height=\"1200\" src=\"https:\/\/drattilaaydin.com\/de\/wp-content\/uploads\/2020\/03\/our-services-11.jpg\" class=\"attachment-full size-full\" alt=\"s\" loading=\"lazy\" srcset=\"https:\/\/drattilaaydin.com\/de\/wp-content\/uploads\/2020\/03\/our-services-11.jpg 1920w, https:\/\/drattilaaydin.com\/de\/wp-content\/uploads\/2020\/03\/our-services-11-300x188.jpg 300w, https:\/\/drattilaaydin.com\/de\/wp-content\/uploads\/2020\/03\/our-services-11-1024x640.jpg 1024w, https:\/\/drattilaaydin.com\/de\/wp-content\/uploads\/2020\/03\/our-services-11-768x480.jpg 768w, https:\/\/drattilaaydin.com\/de\/wp-content\/uploads\/2020\/03\/our-services-11-1536x960.jpg 1536w\" sizes=\"(max-width: 1920px) 100vw, 1920px\" \/>\t<\/div>\t<div class=\"qodef-m-content\">\n\t\t\t\t\t<\/div>\n<\/div>\t\t<\/div>\n\t\t\t\t<\/div>\n\t\t\t\t\t\t<\/div>\n\t\t\t\t\t<\/div>\n\t\t<\/div>\n\t\t\t\t\t\t\t\t<\/div>\n\t\t\t\t\t<\/div>\n\t\t<\/section>\n\t\t\t\t\t\t<\/div>\n\t\t\t\t\t\t<\/div>\n\t\t\t\t\t<\/div>\n\t\t","protected":false},"excerpt":{"rendered":"<p>Anti-Aging-Wunder: Glutathion Antioxidantien sch\u00fctzen unsere Zellen vor sch\u00e4dlichen Einfl\u00fcssen. Die k\u00f6rpereigene Produktion von Antioxidantien kann durch Faktoren wie Mangelern\u00e4hrung, Giftstoffe, Stress und Alter abnehmen. Das st\u00e4rkste Antioxidans, Glutathion genannt, besteht aus drei Hauptaminos\u00e4uren: Glutamin, Glycin und Cystein. Diese Aminos\u00e4uren werden entweder nat\u00fcrlich vom K\u00f6rper gebildet oder k\u00f6nnen ihm auf verschiedene Weise zugef\u00fchrt werden. Entdecken Sie [&hellip;]<\/p>\n","protected":false},"author":1,"featured_media":0,"parent":0,"menu_order":0,"comment_status":"closed","ping_status":"closed","template":"page-full-width.php","meta":[],"_links":{"self":[{"href":"https:\/\/drattilaaydin.com\/de\/wp-json\/wp\/v2\/pages\/9493"}],"collection":[{"href":"https:\/\/drattilaaydin.com\/de\/wp-json\/wp\/v2\/pages"}],"about":[{"href":"https:\/\/drattilaaydin.com\/de\/wp-json\/wp\/v2\/types\/page"}],"author":[{"embeddable":true,"href":"https:\/\/drattilaaydin.com\/de\/wp-json\/wp\/v2\/users\/1"}],"replies":[{"embeddable":true,"href":"https:\/\/drattilaaydin.com\/de\/wp-json\/wp\/v2\/comments?post=9493"}],"version-history":[{"count":6,"href":"https:\/\/drattilaaydin.com\/de\/wp-json\/wp\/v2\/pages\/9493\/revisions"}],"predecessor-version":[{"id":11936,"href":"https:\/\/drattilaaydin.com\/de\/wp-json\/wp\/v2\/pages\/9493\/revisions\/11936"}],"wp:attachment":[{"href":"https:\/\/drattilaaydin.com\/de\/wp-json\/wp\/v2\/media?parent=9493"}],"curies":[{"name":"wp","href":"https:\/\/api.w.org\/{rel}","templated":true}]}}