{"id":9456,"date":"2021-06-13T18:15:46","date_gmt":"2021-06-13T18:15:46","guid":{"rendered":"http:\/\/miaclinics.com.tr\/?page_id=9456"},"modified":"2025-12-17T08:08:45","modified_gmt":"2025-12-17T08:08:45","slug":"fox-eyes","status":"publish","type":"page","link":"https:\/\/drattilaaydin.com\/de\/fox-eyes\/","title":{"rendered":"Fox Eyes"},"content":{"rendered":"\t\t<div data-elementor-type=\"wp-page\" data-elementor-id=\"9456\" class=\"elementor elementor-9456\" data-elementor-settings=\"[]\">\n\t\t\t\t\t\t<div class=\"elementor-inner\">\n\t\t\t\t\t\t\t<div class=\"elementor-section-wrap\">\n\t\t\t\t\t\t\t<section class=\"elementor-section elementor-top-section elementor-element elementor-element-e7aa142 qodef-elementor-content-grid elementor-section-boxed elementor-section-height-default elementor-section-height-default\" data-id=\"e7aa142\" data-element_type=\"section\">\n\t\t\t\t\t\t<div class=\"elementor-container elementor-column-gap-default\">\n\t\t\t\t\t\t\t<div class=\"elementor-row\">\n\t\t\t\t\t<div class=\"elementor-column elementor-col-100 elementor-top-column elementor-element elementor-element-2eda24f\" data-id=\"2eda24f\" data-element_type=\"column\">\n\t\t\t<div class=\"elementor-column-wrap elementor-element-populated\">\n\t\t\t\t\t\t\t<div class=\"elementor-widget-wrap\">\n\t\t\t\t\t\t<div class=\"elementor-element elementor-element-16d2995 elementor-widget elementor-widget-text-editor\" data-id=\"16d2995\" data-element_type=\"widget\" data-widget_type=\"text-editor.default\">\n\t\t\t\t<div class=\"elementor-widget-container\">\n\t\t\t\t\t<div class=\"elementor-text-editor elementor-clearfix\"><h2><strong>Attraktiver Blick: Fox Eyes<\/strong><\/h2><p>Der Verlust von Kollagen und die daraus resultierende Hauterschlaffung im Bereich der Augenbrauen und der Augenpartie k\u00f6nnen heute effektiv <strong>ohne Operation<\/strong> behandelt werden.<br \/>Bei <strong>MiaClinics<\/strong> erzielen wir mit <strong>Fox-Eyes-F<\/strong><strong>\u00e4den<\/strong> (Fadenlifting) <strong>sichtbare und langanhaltende Ergebnisse<\/strong>.<\/p><h3><strong>Was ist das Fox-Eyes-Verfahren?<\/strong><\/h3><p>Das bekannte \u201eFox Eyes\u201c-Make-up steht f\u00fcr einen <strong>mandelf<\/strong><strong>\u00f6<\/strong><strong>rmigen, anziehenden Blick<\/strong>.<br \/>Mit dem <strong>Fox-Eyes-Fadenlifting<\/strong> kann dieser Effekt nun dauerhaft erzielt werden \u2013 ganz ohne chirurgischen Eingriff.<\/p><p>Eine abgesunkene Augenbraue oder ein h\u00e4ngendes \u00e4u\u00dferes Augenlid l\u00e4sst das Gesicht oft m\u00fcde wirken. Durch das Fox-Eyes-Lifting erhalten Sie einen <strong>frischen, wachen Ausdruck<\/strong>, die <strong>Augenpartie wirkt gestrafft<\/strong> und die <strong>mittlere Gesichtspartie leicht angehoben<\/strong>.<\/p><p>Die Behandlung dauert etwa <strong>30 Minuten<\/strong> und wird unter <strong>\u00f6<\/strong><strong>rtlicher Bet<\/strong><strong>\u00e4<\/strong><strong>ubung<\/strong> durchgef\u00fchrt.<\/p><h3><strong>Wie l<\/strong><strong>\u00e4<\/strong><strong>uft das Fox-Eyes-Fadenlifting ab?<\/strong><\/h3><p>Zu Beginn wird ein kleiner <strong>Einstichpunkt<\/strong> gesetzt. Die <strong>PDO-F<\/strong><strong>\u00e4den<\/strong> befinden sich in einer <strong>atraumatischen Kan<\/strong><strong>\u00fcle<\/strong>, die vorsichtig unter die Haut eingef\u00fchrt wird.<br \/>Beim Zur\u00fcckziehen der Kan\u00fcle bleiben die <strong>widerhakenf<\/strong><strong>\u00f6<\/strong><strong>rmigen F<\/strong><strong>\u00e4den<\/strong> unter der Haut und <strong>heben die Augenbrauen und den <\/strong><strong>\u00e4u<\/strong><strong>\u00dferen Augenwinkel<\/strong> sichtbar an.<\/p><p>Die verwendeten <strong>PDO-F<\/strong><strong>\u00e4den (Polydioxanon)<\/strong> sind <strong>100 % resorbierbar<\/strong>, das hei\u00dft, sie l\u00f6sen sich nach einigen Monaten im Gewebe vollst\u00e4ndig auf.<br \/>Die Behandlung ist nahezu <strong>schmerzfrei<\/strong>, die <strong>Erholungszeit betr<\/strong><strong>\u00e4<\/strong><strong>gt etwa 1 Woche<\/strong>, und es gibt <strong>keine Altersbeschr<\/strong><strong>\u00e4<\/strong><strong>nkung<\/strong>.<br \/>Das Ergebnis ist <strong>sofort sichtbar<\/strong>.<\/p><h3><strong>Wie lange h<\/strong><strong>\u00e4<\/strong><strong>lt das Ergebnis an?<\/strong><\/h3><p>Nach etwa <strong>6 Monaten<\/strong> l\u00f6sen sich die F\u00e4den vollst\u00e4ndig auf,<br \/>doch der <strong>Lifting-Effekt h\u00e4<\/strong><strong>lt bis zu 9<\/strong><strong>\u2013<\/strong><strong>12 Monate<\/strong> an \u2013 dank der <strong>Stimulierung von Kollagen und Elastin<\/strong>.<\/p><h3><strong>Unterschied zwischen Fox Eyes und Cat Eyes<\/strong><\/h3><p>Zwischen <strong>Fox Eyes<\/strong> und <strong>Cat Eyes<\/strong> besteht <strong>kein Unterschied<\/strong> \u2013 beide Begriffe bezeichnen dasselbe \u00e4sthetische Verfahren.<\/p><h3><strong>Wie wirken Fox Eyes auf das Gesicht?<\/strong><\/h3><p>Der K\u00f6rper erkennt die eingesetzten F\u00e4den als Fremdmaterial und bildet in der Folge <strong>neues Kollagen und Elastin<\/strong> rund um sie.<br \/>Nach <strong>1\u2013<\/strong><strong>2 Monaten<\/strong> sind die F\u00e4den vollst\u00e4ndig von k\u00f6rpereigenem Kollagen umgeben, was die Haut strafft und anhebt.<br \/>Selbst nach dem Aufl\u00f6sen der F\u00e4den bleibt der Lifting-Effekt f\u00fcr mehrere Monate erhalten.<\/p><h3><strong>Vorteile im \u00dcberblick:<\/strong><\/h3><ul><li>Verf\u00fchrerischer, mandelf\u00f6rmiger Blick<\/li><li>Reduktion der Oberliderschlaffung<\/li><li>Anhebung der Wangenpartie<\/li><li>Wenig Nebenwirkungen<\/li><li>Kein chirurgischer Eingriff<\/li><li>Kurze Ausfallzeit (ca. 1 Woche)<\/li><li>Sichtbare Straffung der Augenpartie<\/li><\/ul><h3><strong>Nachsorge nach der Fox-Eyes-Behandlung<\/strong><\/h3><ul><li><strong>Duschen<\/strong> ist nach <strong>2 Tagen<\/strong> m\u00f6glich (die Einstichstellen schlie\u00dfen sich in 48 Stunden).<\/li><li>Bei Bedarf k\u00f6nnen <strong>entz<\/strong><strong>\u00fc<\/strong><strong>ndungshemmende Medikamente<\/strong> eingenommen werden.<\/li><li><strong>Klebeb\u00e4<\/strong><strong>nder<\/strong> zum Fixieren der Augenbrauen sollten beim Schlafen <strong>2 Wochen<\/strong> lang getragen werden.<\/li><li>Eine <strong>antibiotische Behandlung f<\/strong><strong>\u00fc<\/strong><strong>r 7 Tage<\/strong> wird zur Vorbeugung empfohlen.<\/li><li><strong>Schwellungen, Bluterg<\/strong><strong>\u00fc<\/strong><strong>sse oder leichte Hautfalten<\/strong> k\u00f6nnen bis zu <strong>2 Wochen<\/strong><\/li><\/ul><h3><strong>Wie viel kostet ein Fox-Eyes-Lifting?<\/strong><\/h3><p>Die Kosten h\u00e4ngen von der <strong>Anzahl und Qualit<\/strong><strong>\u00e4<\/strong><strong>t der verwendeten F<\/strong><strong>\u00e4den<\/strong> ab.<br \/>F\u00fcr ein <strong>individuelles Angebot<\/strong> kontaktieren Sie uns bitte direkt.<\/p><\/div>\n\t\t\t\t<\/div>\n\t\t\t\t<\/div>\n\t\t\t\t\t\t<\/div>\n\t\t\t\t\t<\/div>\n\t\t<\/div>\n\t\t\t\t\t\t\t\t<\/div>\n\t\t\t\t\t<\/div>\n\t\t<\/section>\n\t\t\t\t<section class=\"elementor-section elementor-top-section elementor-element elementor-element-2aa7576 elementor-section-full_width elementor-section-height-default elementor-section-height-default qodef-elementor-content-no\" data-id=\"2aa7576\" data-element_type=\"section\" data-settings=\"{&quot;background_background&quot;:&quot;classic&quot;}\">\n\t\t\t\t\t\t<div class=\"elementor-container elementor-column-gap-default\">\n\t\t\t\t\t\t\t<div class=\"elementor-row\">\n\t\t\t\t\t<div class=\"elementor-column elementor-col-50 elementor-top-column elementor-element elementor-element-abe1d81\" data-id=\"abe1d81\" data-element_type=\"column\" data-settings=\"{&quot;background_background&quot;:&quot;classic&quot;}\">\n\t\t\t<div class=\"elementor-column-wrap elementor-element-populated\">\n\t\t\t\t\t\t\t<div class=\"elementor-widget-wrap\">\n\t\t\t\t\t\t<div class=\"elementor-element elementor-element-11d3d06 elementor-widget elementor-widget-touchup_core_section_title\" data-id=\"11d3d06\" data-element_type=\"widget\" data-widget_type=\"touchup_core_section_title.default\">\n\t\t\t\t<div class=\"elementor-widget-container\">\n\t\t\t<div class=\"qodef-shortcode qodef-m  qodef-section-title qodef-alignment--left  \">\n\t\t<h2 class=\"qodef-m-title\" >\n\t\t\t\t\tKontakt aufnehmen\t\t\t<\/h2>\n\t<\/div>\t\t<\/div>\n\t\t\t\t<\/div>\n\t\t\t\t<div class=\"elementor-element elementor-element-b387d45 elementor-widget elementor-widget-touchup_core_custom_font\" data-id=\"b387d45\" data-element_type=\"widget\" data-widget_type=\"touchup_core_custom_font.default\">\n\t\t\t\t<div class=\"elementor-widget-container\">\n\t\t\t<p class=\"qodef-shortcode qodef-m  qodef-custom-font qodef-custom-font-1190 qodef-layout--simple\" style=\"color: #F7847E;font-family: roboto;font-size: 12px;letter-spacing: 3px;font-weight: 400\">Haben Sie Fragen dazu?<\/p>\t\t<\/div>\n\t\t\t\t<\/div>\n\t\t\t\t<div class=\"elementor-element elementor-element-0622b34 elementor-widget elementor-widget-wp-widget-touchup_core_contact_form_7\" data-id=\"0622b34\" data-element_type=\"widget\" data-widget_type=\"wp-widget-touchup_core_contact_form_7.default\">\n\t\t\t\t<div class=\"elementor-widget-container\">\n\t\t\t\t\t\t<div class=\"qodef-contact-form-7\">\n\t\t\t\t<div role=\"form\" class=\"wpcf7\" id=\"wpcf7-f5274-o1\" lang=\"en-US\" dir=\"ltr\">\n<div class=\"screen-reader-response\" role=\"alert\" aria-live=\"polite\"><\/div>\n<form action=\"\/de\/wp-json\/wp\/v2\/pages\/9456#wpcf7-f5274-o1\" method=\"post\" class=\"wpcf7-form init\" novalidate=\"novalidate\">\n<div style=\"display: none;\">\n<input type=\"hidden\" name=\"_wpcf7\" value=\"5274\" \/>\n<input type=\"hidden\" name=\"_wpcf7_version\" value=\"5.2.2\" \/>\n<input type=\"hidden\" name=\"_wpcf7_locale\" value=\"en_US\" \/>\n<input type=\"hidden\" name=\"_wpcf7_unit_tag\" value=\"wpcf7-f5274-o1\" \/>\n<input type=\"hidden\" name=\"_wpcf7_container_post\" value=\"0\" \/>\n<input type=\"hidden\" name=\"_wpcf7_posted_data_hash\" value=\"\" \/>\n<\/div>\n<div class=\"contact-us\">\n<span class=\"wpcf7-form-control-wrap your-name\"><input type=\"text\" name=\"your-name\" value=\"\" size=\"40\" class=\"wpcf7-form-control wpcf7-text wpcf7-validates-as-required\" aria-required=\"true\" aria-invalid=\"false\" placeholder=\"Vollst\u00e4ndiger Name\" \/><\/span><br \/>\n<span class=\"wpcf7-form-control-wrap\" data-name=\"your-phone\"><input type=\"text\" name=\"your-phone\" value=\"\" size=\"40\" class=\"wpcf7-form-control wpcf7-text wpcf7-phonetext wpcf7-validates-as-required wpcf7-validates-as-phonetext\" aria-required=\"true\" aria-invalid=\"false\" placeholder=\"Telefonnummer\" \/><input type=\"hidden\" name=\"your-phone-country-code\" class=\"wpcf7-phonetext-country-code\" \/><\/span><br \/>\n<span class=\"wpcf7-form-control-wrap your-email\"><input type=\"email\" name=\"your-email\" value=\"\" size=\"40\" class=\"wpcf7-form-control wpcf7-text wpcf7-email wpcf7-validates-as-required wpcf7-validates-as-email\" aria-required=\"true\" aria-invalid=\"false\" placeholder=\"E-mail\" \/><\/span><br \/>\n<span class=\"wpcf7-form-control-wrap your-message\"><textarea name=\"your-message\" cols=\"40\" rows=\"2\" class=\"wpcf7-form-control wpcf7-textarea\" aria-invalid=\"false\" placeholder=\"Textnachricht\"><\/textarea><\/span><br \/>\n<button type=\"submit\" class=\"wpcf7-form-control wpcf7-submit qodef-button qodef-size--normal qodef-type--filled qodef-m\"><span class=\"qodef-m-text\">Senden<\/span><\/button>\n<\/div>\n<div class=\"wpcf7-response-output\" role=\"alert\" aria-hidden=\"true\"><\/div><\/form><\/div>\t\t\t<\/div>\n\t\t\t\t\t<\/div>\n\t\t\t\t<\/div>\n\t\t\t\t\t\t<\/div>\n\t\t\t\t\t<\/div>\n\t\t<\/div>\n\t\t\t\t<div class=\"elementor-column elementor-col-50 elementor-top-column elementor-element elementor-element-d468c6c\" data-id=\"d468c6c\" data-element_type=\"column\" data-settings=\"{&quot;background_background&quot;:&quot;classic&quot;}\">\n\t\t\t<div class=\"elementor-column-wrap elementor-element-populated\">\n\t\t\t\t\t\t\t<div class=\"elementor-widget-wrap\">\n\t\t\t\t\t\t<div class=\"elementor-element elementor-element-946a34f elementor-widget elementor-widget-touchup_core_image_with_text\" data-id=\"946a34f\" data-element_type=\"widget\" data-widget_type=\"touchup_core_image_with_text.default\">\n\t\t\t\t<div class=\"elementor-widget-container\">\n\t\t\t<div class=\"qodef-shortcode qodef-m  qodef-image-with-text qodef-layout--text-below qodef-alignment--left  \">\n\t<div class=\"qodef-m-image\">\n\t\t\t<img width=\"1920\" height=\"1200\" src=\"https:\/\/drattilaaydin.com\/de\/wp-content\/uploads\/2020\/03\/our-services-11.jpg\" class=\"attachment-full size-full\" alt=\"s\" loading=\"lazy\" srcset=\"https:\/\/drattilaaydin.com\/de\/wp-content\/uploads\/2020\/03\/our-services-11.jpg 1920w, https:\/\/drattilaaydin.com\/de\/wp-content\/uploads\/2020\/03\/our-services-11-300x188.jpg 300w, https:\/\/drattilaaydin.com\/de\/wp-content\/uploads\/2020\/03\/our-services-11-1024x640.jpg 1024w, https:\/\/drattilaaydin.com\/de\/wp-content\/uploads\/2020\/03\/our-services-11-768x480.jpg 768w, https:\/\/drattilaaydin.com\/de\/wp-content\/uploads\/2020\/03\/our-services-11-1536x960.jpg 1536w\" sizes=\"(max-width: 1920px) 100vw, 1920px\" \/>\t<\/div>\t<div class=\"qodef-m-content\">\n\t\t\t\t\t<\/div>\n<\/div>\t\t<\/div>\n\t\t\t\t<\/div>\n\t\t\t\t\t\t<\/div>\n\t\t\t\t\t<\/div>\n\t\t<\/div>\n\t\t\t\t\t\t\t\t<\/div>\n\t\t\t\t\t<\/div>\n\t\t<\/section>\n\t\t\t\t\t\t<\/div>\n\t\t\t\t\t\t<\/div>\n\t\t\t\t\t<\/div>\n\t\t","protected":false},"excerpt":{"rendered":"<p>Attraktiver Blick: Fox Eyes Der Verlust von Kollagen und die daraus resultierende Hauterschlaffung im Bereich der Augenbrauen und der Augenpartie k\u00f6nnen heute effektiv ohne Operation behandelt werden.Bei MiaClinics erzielen wir mit Fox-Eyes-F\u00e4den (Fadenlifting) sichtbare und langanhaltende Ergebnisse. Was ist das Fox-Eyes-Verfahren? Das bekannte \u201eFox Eyes\u201c-Make-up steht f\u00fcr einen mandelf\u00f6rmigen, anziehenden Blick.Mit dem Fox-Eyes-Fadenlifting kann dieser [&hellip;]<\/p>\n","protected":false},"author":1,"featured_media":0,"parent":0,"menu_order":0,"comment_status":"closed","ping_status":"closed","template":"page-full-width.php","meta":[],"_links":{"self":[{"href":"https:\/\/drattilaaydin.com\/de\/wp-json\/wp\/v2\/pages\/9456"}],"collection":[{"href":"https:\/\/drattilaaydin.com\/de\/wp-json\/wp\/v2\/pages"}],"about":[{"href":"https:\/\/drattilaaydin.com\/de\/wp-json\/wp\/v2\/types\/page"}],"author":[{"embeddable":true,"href":"https:\/\/drattilaaydin.com\/de\/wp-json\/wp\/v2\/users\/1"}],"replies":[{"embeddable":true,"href":"https:\/\/drattilaaydin.com\/de\/wp-json\/wp\/v2\/comments?post=9456"}],"version-history":[{"count":5,"href":"https:\/\/drattilaaydin.com\/de\/wp-json\/wp\/v2\/pages\/9456\/revisions"}],"predecessor-version":[{"id":11937,"href":"https:\/\/drattilaaydin.com\/de\/wp-json\/wp\/v2\/pages\/9456\/revisions\/11937"}],"wp:attachment":[{"href":"https:\/\/drattilaaydin.com\/de\/wp-json\/wp\/v2\/media?parent=9456"}],"curies":[{"name":"wp","href":"https:\/\/api.w.org\/{rel}","templated":true}]}}