{"id":9450,"date":"2021-06-13T18:14:41","date_gmt":"2021-06-13T18:14:41","guid":{"rendered":"http:\/\/miaclinics.com.tr\/?page_id=9450"},"modified":"2025-12-17T08:07:32","modified_gmt":"2025-12-17T08:07:32","slug":"skin-renewal","status":"publish","type":"page","link":"https:\/\/drattilaaydin.com\/de\/skin-renewal\/","title":{"rendered":"Skin Renewal"},"content":{"rendered":"\t\t<div data-elementor-type=\"wp-page\" data-elementor-id=\"9450\" class=\"elementor elementor-9450\" data-elementor-settings=\"[]\">\n\t\t\t\t\t\t<div class=\"elementor-inner\">\n\t\t\t\t\t\t\t<div class=\"elementor-section-wrap\">\n\t\t\t\t\t\t\t<section class=\"elementor-section elementor-top-section elementor-element elementor-element-e7aa142 qodef-elementor-content-grid elementor-section-boxed elementor-section-height-default elementor-section-height-default\" data-id=\"e7aa142\" data-element_type=\"section\">\n\t\t\t\t\t\t<div class=\"elementor-container elementor-column-gap-default\">\n\t\t\t\t\t\t\t<div class=\"elementor-row\">\n\t\t\t\t\t<div class=\"elementor-column elementor-col-100 elementor-top-column elementor-element elementor-element-2eda24f\" data-id=\"2eda24f\" data-element_type=\"column\">\n\t\t\t<div class=\"elementor-column-wrap elementor-element-populated\">\n\t\t\t\t\t\t\t<div class=\"elementor-widget-wrap\">\n\t\t\t\t\t\t<div class=\"elementor-element elementor-element-16d2995 elementor-widget elementor-widget-text-editor\" data-id=\"16d2995\" data-element_type=\"widget\" data-widget_type=\"text-editor.default\">\n\t\t\t\t<div class=\"elementor-widget-container\">\n\t\t\t\t\t<div class=\"elementor-text-editor elementor-clearfix\"><h2><strong>Hauterneuerung: Neue Zellen, neue Ausstrahlung<\/strong><\/h2><p>Die Hauterneuerung ist die nat\u00fcrliche F\u00e4higkeit des K\u00f6rpers, alte Hautzellen durch neue zu ersetzen. W\u00e4hrend dieses Prozesses werden st\u00e4ndig neue Zellen gebildet und abgestorbene Zellen entfernt. Mit modernen medizinisch-\u00e4sthetischen Methoden l\u00e4sst sich dieser Prozess beschleunigen, um eine <strong>gesunde, glatte und strahlende Haut<\/strong> zu erreichen.<\/p><p>Bei <strong>Dr. Attila Ayd\u0131n<\/strong> bieten wir zur Hauterneuerung die <strong>FDA-zertifizierte Radiofrequenz-Behandlung Morpheus8<\/strong><strong>\u00ae<\/strong> an.<\/p><h3><strong>Was bewirkt die Morpheus8<\/strong><strong>\u00ae<\/strong><strong>-Behandlung?<\/strong><\/h3><p><strong>Morpheus8<\/strong><strong>\u00ae<\/strong> ist das neueste, technologisch fortschrittlichste <strong>Radiofrequenz-Mikroneedling-System<\/strong> mit FDA-Zulassung.<br \/>Durch fein isolierte Mikronadeln wird die Energie gezielt in die tieferen Hautschichten abgegeben, w\u00e4hrend die obere Hautschicht gesch\u00fctzt bleibt.<br \/>Die Eindringtiefe der Nadeln kann je nach Behandlungsziel individuell zwischen <strong>1 mm und 4 mm<\/strong> eingestellt werden.<\/p><h3><strong>Welche Hautprobleme k<\/strong><strong>\u00f6<\/strong><strong>nnen mit Morpheus8 behandelt werden?<\/strong><\/h3><ul><li>Akne<\/li><li>Aknenarben<\/li><li>F\u00e4ltchen unter den Augen<\/li><li>Hautverj\u00fcngung im Augenbereich<\/li><li>Pigmentflecken<\/li><li>Hauterneuerung \/ Skin Resurfacing<\/li><li>Erweiterte Poren<\/li><li>Feine Linien und Falten<\/li><li>Hautstraffung<\/li><li>Nicht-chirurgisches Facelifting<\/li><li>Gesichtsverschlankung<\/li><li>Kieferlinien-Konturierung<\/li><li>Doppelkinn-Straffung<\/li><li>Halsstraffung<\/li><\/ul><h3><strong>Wie viele Sitzungen sind notwendig?<\/strong><\/h3><p>In der Regel werden <strong>2\u2013<\/strong><strong>3 Sitzungen<\/strong> empfohlen.<br \/>Der Mindestabstand zwischen den Behandlungen betr\u00e4gt <strong>4\u2013<\/strong><strong>6 Wochen<\/strong>.<br \/>Da im empfindlichen Augenbereich eine geringere Energie verwendet wird, k\u00f6nnen hier zus\u00e4tzliche Sitzungen erforderlich sein.<br \/>Die genaue Anzahl h\u00e4ngt von <strong>Alter, Hauttyp, Hautqualit<\/strong><strong>\u00e4t<\/strong> und dem jeweiligen <strong>Behandlungsziel<\/strong> ab und wird individuell von unserem Facharzt festgelegt.<\/p><h3><strong>Welche Vorteile bietet die Hauterneuerung mit Morpheus8?<\/strong><\/h3><ul><li>Wissenschaftlich belegte Wirksamkeit (FDA-zertifiziert)<\/li><li>F\u00f6rderung der <strong>Kollagen-, Elastin- und Hyalurons<\/strong><strong>\u00e4<\/strong><strong>ureproduktion<\/strong><\/li><li>Reduktion von Falten und Verbesserung der Hautstruktur<\/li><li>Geeignet auch f\u00fcr dunkle Hauttypen (Fitzpatrick-Typ 4\u20135)<\/li><li>Kein Risiko f\u00fcr Hyperpigmentierung<\/li><li>Minimalinvasiv und nahezu schmerzfrei<\/li><li>Verbesserte Hautfestigkeit und Elastizit\u00e4t im Gesicht und am K\u00f6rper<\/li><\/ul><p>Die Behandlung kann im gesamten Gesichtsbereich und an verschiedenen K\u00f6rperzonen durchgef\u00fchrt werden, um ein <strong>gleichm\u00e4\u00dfiges, straffes und verj<\/strong><strong>\u00fc<\/strong><strong>ngtes Hautbild<\/strong> zu erzielen.<\/p><h3><strong>Wie viel kostet die Hauterneuerung?<\/strong><\/h3><p>Die Kosten h\u00e4ngen von der <strong>Gr<\/strong><strong>\u00f6\u00dfe des Behandlungsareals<\/strong> ab.<br \/>Wenn Sie sich eine <strong>ausgeglichene, straffe und frische Haut<\/strong> w\u00fcnschen, kontaktieren Sie uns gerne f\u00fcr eine <strong>individuelle Beratung und Preisinformation<\/strong>.<\/p><\/div>\n\t\t\t\t<\/div>\n\t\t\t\t<\/div>\n\t\t\t\t\t\t<\/div>\n\t\t\t\t\t<\/div>\n\t\t<\/div>\n\t\t\t\t\t\t\t\t<\/div>\n\t\t\t\t\t<\/div>\n\t\t<\/section>\n\t\t\t\t<section class=\"elementor-section elementor-top-section elementor-element elementor-element-2aa7576 elementor-section-full_width elementor-section-height-default elementor-section-height-default qodef-elementor-content-no\" data-id=\"2aa7576\" data-element_type=\"section\" data-settings=\"{&quot;background_background&quot;:&quot;classic&quot;}\">\n\t\t\t\t\t\t<div class=\"elementor-container elementor-column-gap-default\">\n\t\t\t\t\t\t\t<div class=\"elementor-row\">\n\t\t\t\t\t<div class=\"elementor-column elementor-col-50 elementor-top-column elementor-element elementor-element-abe1d81\" data-id=\"abe1d81\" data-element_type=\"column\" data-settings=\"{&quot;background_background&quot;:&quot;classic&quot;}\">\n\t\t\t<div class=\"elementor-column-wrap elementor-element-populated\">\n\t\t\t\t\t\t\t<div class=\"elementor-widget-wrap\">\n\t\t\t\t\t\t<div class=\"elementor-element elementor-element-11d3d06 elementor-widget elementor-widget-touchup_core_section_title\" data-id=\"11d3d06\" data-element_type=\"widget\" data-widget_type=\"touchup_core_section_title.default\">\n\t\t\t\t<div class=\"elementor-widget-container\">\n\t\t\t<div class=\"qodef-shortcode qodef-m  qodef-section-title qodef-alignment--left  \">\n\t\t<h2 class=\"qodef-m-title\" >\n\t\t\t\t\tKontakt aufnehmen\t\t\t<\/h2>\n\t<\/div>\t\t<\/div>\n\t\t\t\t<\/div>\n\t\t\t\t<div class=\"elementor-element elementor-element-b387d45 elementor-widget elementor-widget-touchup_core_custom_font\" data-id=\"b387d45\" data-element_type=\"widget\" data-widget_type=\"touchup_core_custom_font.default\">\n\t\t\t\t<div class=\"elementor-widget-container\">\n\t\t\t<p class=\"qodef-shortcode qodef-m  qodef-custom-font qodef-custom-font-1128 qodef-layout--simple\" style=\"color: #F7847E;font-family: roboto;font-size: 12px;letter-spacing: 3px;font-weight: 400\">Haben Sie Fragen dazu?<\/p>\t\t<\/div>\n\t\t\t\t<\/div>\n\t\t\t\t<div class=\"elementor-element elementor-element-0622b34 elementor-widget elementor-widget-wp-widget-touchup_core_contact_form_7\" data-id=\"0622b34\" data-element_type=\"widget\" data-widget_type=\"wp-widget-touchup_core_contact_form_7.default\">\n\t\t\t\t<div class=\"elementor-widget-container\">\n\t\t\t\t\t\t<div class=\"qodef-contact-form-7\">\n\t\t\t\t<div role=\"form\" class=\"wpcf7\" id=\"wpcf7-f5274-o1\" lang=\"en-US\" dir=\"ltr\">\n<div class=\"screen-reader-response\" role=\"alert\" aria-live=\"polite\"><\/div>\n<form action=\"\/de\/wp-json\/wp\/v2\/pages\/9450#wpcf7-f5274-o1\" method=\"post\" class=\"wpcf7-form init\" novalidate=\"novalidate\">\n<div style=\"display: none;\">\n<input type=\"hidden\" name=\"_wpcf7\" value=\"5274\" \/>\n<input type=\"hidden\" name=\"_wpcf7_version\" value=\"5.2.2\" \/>\n<input type=\"hidden\" name=\"_wpcf7_locale\" value=\"en_US\" \/>\n<input type=\"hidden\" name=\"_wpcf7_unit_tag\" value=\"wpcf7-f5274-o1\" \/>\n<input type=\"hidden\" name=\"_wpcf7_container_post\" value=\"0\" \/>\n<input type=\"hidden\" name=\"_wpcf7_posted_data_hash\" value=\"\" \/>\n<\/div>\n<div class=\"contact-us\">\n<span class=\"wpcf7-form-control-wrap your-name\"><input type=\"text\" name=\"your-name\" value=\"\" size=\"40\" class=\"wpcf7-form-control wpcf7-text wpcf7-validates-as-required\" aria-required=\"true\" aria-invalid=\"false\" placeholder=\"Vollst\u00e4ndiger Name\" \/><\/span><br \/>\n<span class=\"wpcf7-form-control-wrap\" data-name=\"your-phone\"><input type=\"text\" name=\"your-phone\" value=\"\" size=\"40\" class=\"wpcf7-form-control wpcf7-text wpcf7-phonetext wpcf7-validates-as-required wpcf7-validates-as-phonetext\" aria-required=\"true\" aria-invalid=\"false\" placeholder=\"Telefonnummer\" \/><input type=\"hidden\" name=\"your-phone-country-code\" class=\"wpcf7-phonetext-country-code\" \/><\/span><br \/>\n<span class=\"wpcf7-form-control-wrap your-email\"><input type=\"email\" name=\"your-email\" value=\"\" size=\"40\" class=\"wpcf7-form-control wpcf7-text wpcf7-email wpcf7-validates-as-required wpcf7-validates-as-email\" aria-required=\"true\" aria-invalid=\"false\" placeholder=\"E-mail\" \/><\/span><br \/>\n<span class=\"wpcf7-form-control-wrap your-message\"><textarea name=\"your-message\" cols=\"40\" rows=\"2\" class=\"wpcf7-form-control wpcf7-textarea\" aria-invalid=\"false\" placeholder=\"Textnachricht\"><\/textarea><\/span><br \/>\n<button type=\"submit\" class=\"wpcf7-form-control wpcf7-submit qodef-button qodef-size--normal qodef-type--filled qodef-m\"><span class=\"qodef-m-text\">Senden<\/span><\/button>\n<\/div>\n<div class=\"wpcf7-response-output\" role=\"alert\" aria-hidden=\"true\"><\/div><\/form><\/div>\t\t\t<\/div>\n\t\t\t\t\t<\/div>\n\t\t\t\t<\/div>\n\t\t\t\t\t\t<\/div>\n\t\t\t\t\t<\/div>\n\t\t<\/div>\n\t\t\t\t<div class=\"elementor-column elementor-col-50 elementor-top-column elementor-element elementor-element-d468c6c\" data-id=\"d468c6c\" data-element_type=\"column\" data-settings=\"{&quot;background_background&quot;:&quot;classic&quot;}\">\n\t\t\t<div class=\"elementor-column-wrap elementor-element-populated\">\n\t\t\t\t\t\t\t<div class=\"elementor-widget-wrap\">\n\t\t\t\t\t\t<div class=\"elementor-element elementor-element-946a34f elementor-widget elementor-widget-touchup_core_image_with_text\" data-id=\"946a34f\" data-element_type=\"widget\" data-widget_type=\"touchup_core_image_with_text.default\">\n\t\t\t\t<div class=\"elementor-widget-container\">\n\t\t\t<div class=\"qodef-shortcode qodef-m  qodef-image-with-text qodef-layout--text-below qodef-alignment--left  \">\n\t<div class=\"qodef-m-image\">\n\t\t\t<img width=\"1920\" height=\"1200\" src=\"https:\/\/drattilaaydin.com\/de\/wp-content\/uploads\/2020\/03\/our-services-11.jpg\" class=\"attachment-full size-full\" alt=\"s\" loading=\"lazy\" srcset=\"https:\/\/drattilaaydin.com\/de\/wp-content\/uploads\/2020\/03\/our-services-11.jpg 1920w, https:\/\/drattilaaydin.com\/de\/wp-content\/uploads\/2020\/03\/our-services-11-300x188.jpg 300w, https:\/\/drattilaaydin.com\/de\/wp-content\/uploads\/2020\/03\/our-services-11-1024x640.jpg 1024w, https:\/\/drattilaaydin.com\/de\/wp-content\/uploads\/2020\/03\/our-services-11-768x480.jpg 768w, https:\/\/drattilaaydin.com\/de\/wp-content\/uploads\/2020\/03\/our-services-11-1536x960.jpg 1536w\" sizes=\"(max-width: 1920px) 100vw, 1920px\" \/>\t<\/div>\t<div class=\"qodef-m-content\">\n\t\t\t\t\t<\/div>\n<\/div>\t\t<\/div>\n\t\t\t\t<\/div>\n\t\t\t\t\t\t<\/div>\n\t\t\t\t\t<\/div>\n\t\t<\/div>\n\t\t\t\t\t\t\t\t<\/div>\n\t\t\t\t\t<\/div>\n\t\t<\/section>\n\t\t\t\t\t\t<\/div>\n\t\t\t\t\t\t<\/div>\n\t\t\t\t\t<\/div>\n\t\t","protected":false},"excerpt":{"rendered":"<p>Hauterneuerung: Neue Zellen, neue Ausstrahlung Die Hauterneuerung ist die nat\u00fcrliche F\u00e4higkeit des K\u00f6rpers, alte Hautzellen durch neue zu ersetzen. W\u00e4hrend dieses Prozesses werden st\u00e4ndig neue Zellen gebildet und abgestorbene Zellen entfernt. Mit modernen medizinisch-\u00e4sthetischen Methoden l\u00e4sst sich dieser Prozess beschleunigen, um eine gesunde, glatte und strahlende Haut zu erreichen. Bei Dr. Attila Ayd\u0131n bieten wir [&hellip;]<\/p>\n","protected":false},"author":1,"featured_media":0,"parent":0,"menu_order":0,"comment_status":"closed","ping_status":"closed","template":"page-full-width.php","meta":[],"_links":{"self":[{"href":"https:\/\/drattilaaydin.com\/de\/wp-json\/wp\/v2\/pages\/9450"}],"collection":[{"href":"https:\/\/drattilaaydin.com\/de\/wp-json\/wp\/v2\/pages"}],"about":[{"href":"https:\/\/drattilaaydin.com\/de\/wp-json\/wp\/v2\/types\/page"}],"author":[{"embeddable":true,"href":"https:\/\/drattilaaydin.com\/de\/wp-json\/wp\/v2\/users\/1"}],"replies":[{"embeddable":true,"href":"https:\/\/drattilaaydin.com\/de\/wp-json\/wp\/v2\/comments?post=9450"}],"version-history":[{"count":5,"href":"https:\/\/drattilaaydin.com\/de\/wp-json\/wp\/v2\/pages\/9450\/revisions"}],"predecessor-version":[{"id":11921,"href":"https:\/\/drattilaaydin.com\/de\/wp-json\/wp\/v2\/pages\/9450\/revisions\/11921"}],"wp:attachment":[{"href":"https:\/\/drattilaaydin.com\/de\/wp-json\/wp\/v2\/media?parent=9450"}],"curies":[{"name":"wp","href":"https:\/\/api.w.org\/{rel}","templated":true}]}}