{"id":9446,"date":"2021-06-13T18:10:24","date_gmt":"2021-06-13T18:10:24","guid":{"rendered":"http:\/\/miaclinics.com.tr\/?page_id=9446"},"modified":"2025-12-17T08:08:36","modified_gmt":"2025-12-17T08:08:36","slug":"hair-loss","status":"publish","type":"page","link":"https:\/\/drattilaaydin.com\/de\/hair-loss\/","title":{"rendered":"Hair Loss"},"content":{"rendered":"\t\t<div data-elementor-type=\"wp-page\" data-elementor-id=\"9446\" class=\"elementor elementor-9446\" data-elementor-settings=\"[]\">\n\t\t\t\t\t\t<div class=\"elementor-inner\">\n\t\t\t\t\t\t\t<div class=\"elementor-section-wrap\">\n\t\t\t\t\t\t\t<section class=\"elementor-section elementor-top-section elementor-element elementor-element-e7aa142 qodef-elementor-content-grid elementor-section-boxed elementor-section-height-default elementor-section-height-default\" data-id=\"e7aa142\" data-element_type=\"section\">\n\t\t\t\t\t\t<div class=\"elementor-container elementor-column-gap-default\">\n\t\t\t\t\t\t\t<div class=\"elementor-row\">\n\t\t\t\t\t<div class=\"elementor-column elementor-col-100 elementor-top-column elementor-element elementor-element-2eda24f\" data-id=\"2eda24f\" data-element_type=\"column\">\n\t\t\t<div class=\"elementor-column-wrap elementor-element-populated\">\n\t\t\t\t\t\t\t<div class=\"elementor-widget-wrap\">\n\t\t\t\t\t\t<div class=\"elementor-element elementor-element-16d2995 elementor-widget elementor-widget-text-editor\" data-id=\"16d2995\" data-element_type=\"widget\" data-widget_type=\"text-editor.default\">\n\t\t\t\t<div class=\"elementor-widget-container\">\n\t\t\t\t\t<div class=\"elementor-text-editor elementor-clearfix\"><h2><strong>Haarbehandlungen: St\u00e4rken Sie Ihre Kopfhaut<\/strong><\/h2><p>Das Haar besteht aus einem Protein namens <strong>Keratin<\/strong>, das in den Haarfollikeln in der \u00e4u\u00dferen Hautschicht gebildet wird. Neue Haarzellen werden kontinuierlich aus den Follikeln nach au\u00dfen geschoben. Das sichtbare Haar besteht also aus abgestorbenen Keratinzellen. Auf der Kopfhaut befinden sich etwa <strong>100.000 bis 150.000 Haare<\/strong>, und es ist v\u00f6llig normal, dass t\u00e4glich rund <strong>100 Haare<\/strong> ausfallen.<\/p><h3><strong>Was ist, wenn deutlich mehr Haare ausfallen?<\/strong><\/h3><p>Bei starkem Haarausfall ist eine <strong>ursachenorientierte Behandlung<\/strong> entscheidend. Durch gezielte Therapien lassen sich Haarprobleme meist erfolgreich behandeln.<\/p><h3><strong>Was sind die Ursachen f\u00fc<\/strong><strong>r Haarprobleme?<\/strong><\/h3><p>Forschungen zeigen, dass bestimmte Haarfollikel genetisch auf eine k\u00fcrzere Wachstumsphase programmiert sind. Dar\u00fcber hinaus k\u00f6nnen viele weitere Faktoren den Haarwuchs beeinflussen, wie zum Beispiel:<\/p><ul><li>Hormonelle Ver\u00e4nderungen<\/li><li>Genetische Veranlagung<\/li><li>Stress, Krankheiten oder Geburt<\/li><li>Medikamente<\/li><li>Verbrennungen, Verletzungen oder R\u00f6ntgenstrahlung<\/li><li>Autoimmunerkrankungen<\/li><li>Kosmetische Eingriffe<\/li><li>Bestimmte medizinische Erkrankungen<\/li><li>Ungesunde Ern\u00e4hrung<\/li><\/ul><h3><strong>Welche Arten von Haarbehandlungen gibt es?<\/strong><\/h3><p>Zur <strong>Haarregeneration<\/strong> werden haupts\u00e4chlich zwei Methoden angewendet:<\/p><ul><li><strong>Mesotherapie:<\/strong> Fehlende Vitamine und N\u00e4hrstoffe werden direkt in die Kopfhaut injiziert.<\/li><li><strong>Plasma-Behandlung (PRP):<\/strong> Regenerative Wachstumsfaktoren werden aus dem eigenen Blut gewonnen und in die Haarfollikel eingebracht.<\/li><\/ul><h3><strong>Wie funktioniert eine Haarbehandlung?<\/strong><\/h3><p>Bei beiden Methoden \u2013 <strong>Mesotherapie und Plasma (PRP)<\/strong> \u2013 werden Mikroinjektionen in die tieferen Hautschichten der Kopfhaut gesetzt. Der Prozess wirkt wie eine <strong>D\u00fcngung der Haarfollikel<\/strong>: Die Kopfhaut erh\u00e4lt optimale Bedingungen, damit das Haarwachstum wieder aktiviert wird.<\/p><p>Es handelt sich <strong>nicht um eine Haartransplantation<\/strong>. Wenn keine Haarfollikel mehr vorhanden sind, sind PRP und Mesotherapie nicht geeignet.<\/p><h3><strong>Wie oft sollte man die Behandlung wiederholen?<\/strong><\/h3><p>Die Behandlung wird in der Regel <strong>alle zwei Wochen<\/strong> durchgef\u00fchrt. Abh\u00e4ngig vom Ausma\u00df des Haarausfalls werden <strong>insgesamt 2 bis 8 Sitzungen<\/strong> empfohlen.<\/p><p>F\u00fcr Patientinnen und Patienten, die <strong>nur kurzzeitig in Istanbul<\/strong> sind, k\u00f6nnen <strong>zwei Sitzungen<\/strong> geplant werden \u2013 eine gleich nach der Ankunft und eine vor der Abreise. In jeder Sitzung kann eine Kombination aus <strong>Mesotherapie und PRP<\/strong>erfolgen.<\/p><h3><strong>Was ist nach der Behandlung zu beachten?<\/strong><\/h3><ul><li>Vermeiden Sie Hitze (z. B. hei\u00dfes Duschen, Sauna) unmittelbar nach der Behandlung.<\/li><li>Leichtes <strong>Jucken<\/strong> der Kopfhaut ist normal und ein Zeichen der Regeneration.<\/li><\/ul><h3><strong>Wie viel kostet eine Haarbehandlung?<\/strong><\/h3><p>Die Kosten h\u00e4ngen von der gew\u00e4hlten Methode und der Anzahl der ben\u00f6tigten Sitzungen ab.<\/p><p>Kontaktieren Sie uns, um die f\u00fcr Sie passende Behandlung zu finden, und nutzen Sie unsere <strong>kostenlose Erstberatung<\/strong> bei <strong>Dr. Attila Ayd\u0131n<\/strong>.<\/p><\/div>\n\t\t\t\t<\/div>\n\t\t\t\t<\/div>\n\t\t\t\t\t\t<\/div>\n\t\t\t\t\t<\/div>\n\t\t<\/div>\n\t\t\t\t\t\t\t\t<\/div>\n\t\t\t\t\t<\/div>\n\t\t<\/section>\n\t\t\t\t<section class=\"elementor-section elementor-top-section elementor-element elementor-element-2aa7576 elementor-section-full_width elementor-section-height-default elementor-section-height-default qodef-elementor-content-no\" data-id=\"2aa7576\" data-element_type=\"section\" data-settings=\"{&quot;background_background&quot;:&quot;classic&quot;}\">\n\t\t\t\t\t\t<div class=\"elementor-container elementor-column-gap-default\">\n\t\t\t\t\t\t\t<div class=\"elementor-row\">\n\t\t\t\t\t<div class=\"elementor-column elementor-col-50 elementor-top-column elementor-element elementor-element-abe1d81\" data-id=\"abe1d81\" data-element_type=\"column\" data-settings=\"{&quot;background_background&quot;:&quot;classic&quot;}\">\n\t\t\t<div class=\"elementor-column-wrap elementor-element-populated\">\n\t\t\t\t\t\t\t<div class=\"elementor-widget-wrap\">\n\t\t\t\t\t\t<div class=\"elementor-element elementor-element-11d3d06 elementor-widget elementor-widget-touchup_core_section_title\" data-id=\"11d3d06\" data-element_type=\"widget\" data-widget_type=\"touchup_core_section_title.default\">\n\t\t\t\t<div class=\"elementor-widget-container\">\n\t\t\t<div class=\"qodef-shortcode qodef-m  qodef-section-title qodef-alignment--left  \">\n\t\t<h2 class=\"qodef-m-title\" >\n\t\t\t\t\tKontakt aufnehmen\t\t\t<\/h2>\n\t<\/div>\t\t<\/div>\n\t\t\t\t<\/div>\n\t\t\t\t<div class=\"elementor-element elementor-element-b387d45 elementor-widget elementor-widget-touchup_core_custom_font\" data-id=\"b387d45\" data-element_type=\"widget\" data-widget_type=\"touchup_core_custom_font.default\">\n\t\t\t\t<div class=\"elementor-widget-container\">\n\t\t\t<p class=\"qodef-shortcode qodef-m  qodef-custom-font qodef-custom-font-4082 qodef-layout--simple\" style=\"color: #F7847E;font-family: roboto;font-size: 12px;letter-spacing: 3px;font-weight: 400\">Haben Sie Fragen dazu?<\/p>\t\t<\/div>\n\t\t\t\t<\/div>\n\t\t\t\t<div class=\"elementor-element elementor-element-0622b34 elementor-widget elementor-widget-wp-widget-touchup_core_contact_form_7\" data-id=\"0622b34\" data-element_type=\"widget\" data-widget_type=\"wp-widget-touchup_core_contact_form_7.default\">\n\t\t\t\t<div class=\"elementor-widget-container\">\n\t\t\t\t\t\t<div class=\"qodef-contact-form-7\">\n\t\t\t\t<div role=\"form\" class=\"wpcf7\" id=\"wpcf7-f5274-o1\" lang=\"en-US\" dir=\"ltr\">\n<div class=\"screen-reader-response\" role=\"alert\" aria-live=\"polite\"><\/div>\n<form action=\"\/de\/wp-json\/wp\/v2\/pages\/9446#wpcf7-f5274-o1\" method=\"post\" class=\"wpcf7-form init\" novalidate=\"novalidate\">\n<div style=\"display: none;\">\n<input type=\"hidden\" name=\"_wpcf7\" value=\"5274\" \/>\n<input type=\"hidden\" name=\"_wpcf7_version\" value=\"5.2.2\" \/>\n<input type=\"hidden\" name=\"_wpcf7_locale\" value=\"en_US\" \/>\n<input type=\"hidden\" name=\"_wpcf7_unit_tag\" value=\"wpcf7-f5274-o1\" \/>\n<input type=\"hidden\" name=\"_wpcf7_container_post\" value=\"0\" \/>\n<input type=\"hidden\" name=\"_wpcf7_posted_data_hash\" value=\"\" \/>\n<\/div>\n<div class=\"contact-us\">\n<span class=\"wpcf7-form-control-wrap your-name\"><input type=\"text\" name=\"your-name\" value=\"\" size=\"40\" class=\"wpcf7-form-control wpcf7-text wpcf7-validates-as-required\" aria-required=\"true\" aria-invalid=\"false\" placeholder=\"Vollst\u00e4ndiger Name\" \/><\/span><br \/>\n<span class=\"wpcf7-form-control-wrap\" data-name=\"your-phone\"><input type=\"text\" name=\"your-phone\" value=\"\" size=\"40\" class=\"wpcf7-form-control wpcf7-text wpcf7-phonetext wpcf7-validates-as-required wpcf7-validates-as-phonetext\" aria-required=\"true\" aria-invalid=\"false\" placeholder=\"Telefonnummer\" \/><input type=\"hidden\" name=\"your-phone-country-code\" class=\"wpcf7-phonetext-country-code\" \/><\/span><br \/>\n<span class=\"wpcf7-form-control-wrap your-email\"><input type=\"email\" name=\"your-email\" value=\"\" size=\"40\" class=\"wpcf7-form-control wpcf7-text wpcf7-email wpcf7-validates-as-required wpcf7-validates-as-email\" aria-required=\"true\" aria-invalid=\"false\" placeholder=\"E-mail\" \/><\/span><br \/>\n<span class=\"wpcf7-form-control-wrap your-message\"><textarea name=\"your-message\" cols=\"40\" rows=\"2\" class=\"wpcf7-form-control wpcf7-textarea\" aria-invalid=\"false\" placeholder=\"Textnachricht\"><\/textarea><\/span><br \/>\n<button type=\"submit\" class=\"wpcf7-form-control wpcf7-submit qodef-button qodef-size--normal qodef-type--filled qodef-m\"><span class=\"qodef-m-text\">Senden<\/span><\/button>\n<\/div>\n<div class=\"wpcf7-response-output\" role=\"alert\" aria-hidden=\"true\"><\/div><\/form><\/div>\t\t\t<\/div>\n\t\t\t\t\t<\/div>\n\t\t\t\t<\/div>\n\t\t\t\t\t\t<\/div>\n\t\t\t\t\t<\/div>\n\t\t<\/div>\n\t\t\t\t<div class=\"elementor-column elementor-col-50 elementor-top-column elementor-element elementor-element-d468c6c\" data-id=\"d468c6c\" data-element_type=\"column\" data-settings=\"{&quot;background_background&quot;:&quot;classic&quot;}\">\n\t\t\t<div class=\"elementor-column-wrap elementor-element-populated\">\n\t\t\t\t\t\t\t<div class=\"elementor-widget-wrap\">\n\t\t\t\t\t\t<div class=\"elementor-element elementor-element-946a34f elementor-widget elementor-widget-touchup_core_image_with_text\" data-id=\"946a34f\" data-element_type=\"widget\" data-widget_type=\"touchup_core_image_with_text.default\">\n\t\t\t\t<div class=\"elementor-widget-container\">\n\t\t\t<div class=\"qodef-shortcode qodef-m  qodef-image-with-text qodef-layout--text-below qodef-alignment--left  \">\n\t<div class=\"qodef-m-image\">\n\t\t\t<img width=\"1920\" height=\"1200\" src=\"https:\/\/drattilaaydin.com\/de\/wp-content\/uploads\/2020\/03\/our-services-11.jpg\" class=\"attachment-full size-full\" alt=\"s\" loading=\"lazy\" srcset=\"https:\/\/drattilaaydin.com\/de\/wp-content\/uploads\/2020\/03\/our-services-11.jpg 1920w, https:\/\/drattilaaydin.com\/de\/wp-content\/uploads\/2020\/03\/our-services-11-300x188.jpg 300w, https:\/\/drattilaaydin.com\/de\/wp-content\/uploads\/2020\/03\/our-services-11-1024x640.jpg 1024w, https:\/\/drattilaaydin.com\/de\/wp-content\/uploads\/2020\/03\/our-services-11-768x480.jpg 768w, https:\/\/drattilaaydin.com\/de\/wp-content\/uploads\/2020\/03\/our-services-11-1536x960.jpg 1536w\" sizes=\"(max-width: 1920px) 100vw, 1920px\" \/>\t<\/div>\t<div class=\"qodef-m-content\">\n\t\t\t\t\t<\/div>\n<\/div>\t\t<\/div>\n\t\t\t\t<\/div>\n\t\t\t\t\t\t<\/div>\n\t\t\t\t\t<\/div>\n\t\t<\/div>\n\t\t\t\t\t\t\t\t<\/div>\n\t\t\t\t\t<\/div>\n\t\t<\/section>\n\t\t\t\t\t\t<\/div>\n\t\t\t\t\t\t<\/div>\n\t\t\t\t\t<\/div>\n\t\t","protected":false},"excerpt":{"rendered":"<p>Haarbehandlungen: St\u00e4rken Sie Ihre Kopfhaut Das Haar besteht aus einem Protein namens Keratin, das in den Haarfollikeln in der \u00e4u\u00dferen Hautschicht gebildet wird. Neue Haarzellen werden kontinuierlich aus den Follikeln nach au\u00dfen geschoben. Das sichtbare Haar besteht also aus abgestorbenen Keratinzellen. Auf der Kopfhaut befinden sich etwa 100.000 bis 150.000 Haare, und es ist v\u00f6llig [&hellip;]<\/p>\n","protected":false},"author":1,"featured_media":0,"parent":0,"menu_order":0,"comment_status":"closed","ping_status":"closed","template":"page-full-width.php","meta":[],"_links":{"self":[{"href":"https:\/\/drattilaaydin.com\/de\/wp-json\/wp\/v2\/pages\/9446"}],"collection":[{"href":"https:\/\/drattilaaydin.com\/de\/wp-json\/wp\/v2\/pages"}],"about":[{"href":"https:\/\/drattilaaydin.com\/de\/wp-json\/wp\/v2\/types\/page"}],"author":[{"embeddable":true,"href":"https:\/\/drattilaaydin.com\/de\/wp-json\/wp\/v2\/users\/1"}],"replies":[{"embeddable":true,"href":"https:\/\/drattilaaydin.com\/de\/wp-json\/wp\/v2\/comments?post=9446"}],"version-history":[{"count":5,"href":"https:\/\/drattilaaydin.com\/de\/wp-json\/wp\/v2\/pages\/9446\/revisions"}],"predecessor-version":[{"id":11935,"href":"https:\/\/drattilaaydin.com\/de\/wp-json\/wp\/v2\/pages\/9446\/revisions\/11935"}],"wp:attachment":[{"href":"https:\/\/drattilaaydin.com\/de\/wp-json\/wp\/v2\/media?parent=9446"}],"curies":[{"name":"wp","href":"https:\/\/api.w.org\/{rel}","templated":true}]}}