{"id":9432,"date":"2021-06-13T17:21:22","date_gmt":"2021-06-13T17:21:22","guid":{"rendered":"http:\/\/miaclinics.com.tr\/?page_id=9432"},"modified":"2025-12-17T08:09:19","modified_gmt":"2025-12-17T08:09:19","slug":"doublechin","status":"publish","type":"page","link":"https:\/\/drattilaaydin.com\/de\/doublechin\/","title":{"rendered":"Doublechin"},"content":{"rendered":"\t\t<div data-elementor-type=\"wp-page\" data-elementor-id=\"9432\" class=\"elementor elementor-9432\" data-elementor-settings=\"[]\">\n\t\t\t\t\t\t<div class=\"elementor-inner\">\n\t\t\t\t\t\t\t<div class=\"elementor-section-wrap\">\n\t\t\t\t\t\t\t<section class=\"elementor-section elementor-top-section elementor-element elementor-element-e7aa142 qodef-elementor-content-grid elementor-section-boxed elementor-section-height-default elementor-section-height-default\" data-id=\"e7aa142\" data-element_type=\"section\">\n\t\t\t\t\t\t<div class=\"elementor-container elementor-column-gap-default\">\n\t\t\t\t\t\t\t<div class=\"elementor-row\">\n\t\t\t\t\t<div class=\"elementor-column elementor-col-100 elementor-top-column elementor-element elementor-element-2eda24f\" data-id=\"2eda24f\" data-element_type=\"column\">\n\t\t\t<div class=\"elementor-column-wrap elementor-element-populated\">\n\t\t\t\t\t\t\t<div class=\"elementor-widget-wrap\">\n\t\t\t\t\t\t<div class=\"elementor-element elementor-element-16d2995 elementor-widget elementor-widget-text-editor\" data-id=\"16d2995\" data-element_type=\"widget\" data-widget_type=\"text-editor.default\">\n\t\t\t\t<div class=\"elementor-widget-container\">\n\t\t\t\t\t<div class=\"elementor-text-editor elementor-clearfix\"><h2><strong>Definieren Sie Ihre Kieferlinie: Doppelkinn-Reduktion<\/strong><\/h2><p>Eine ausgepr\u00e4gte und definierte Kieferkontur steht in engem Zusammenhang mit einem attraktiven Erscheinungsbild. Behandlungen mit geringer Haltbarkeit reichen oft nicht aus, um das gew\u00fcnschte Ergebnis zu erzielen. Die sogenannten <em>Jawline-Filler<\/em>-Behandlungen, die in letzter Zeit sehr beliebt geworden sind, bieten nur kurzfristige Ergebnisse. Im Laufe der Zeit k\u00f6nnen sich Filler auf andere Gesichtsbereiche ausbreiten und das Gesicht gr\u00f6\u00dfer erscheinen lassen. Diese Bewegung f\u00fchrt zum Verlust harmonischer Gesichtsproportionen und kann ein geschwollenes Aussehen verursachen.<br \/>Bei <strong>Dr. Attila Ayd\u0131n<\/strong> bieten wir effektive und zuverl\u00e4ssige Behandlungen zur Reduzierung des Doppelkinns an.<\/p><h2><strong>Warum entsteht ein Doppelkinn?<\/strong><\/h2><p>Der h\u00e4ufigste Grund f\u00fcr die Ver\u00e4nderung der Kinnkontur ist \u00fcbersch\u00fcssiges Fettgewebe, das durch Gewichtszunahme und -abnahme entsteht. Die L\u00f6sung besteht darin, dieses Fettgewebe durch moderne Methoden der Fettreduktion zu verringern und eine klar definierte Kieferlinie zu schaffen.<br \/>Nicht-chirurgische Fettreduktionsverfahren wie <strong>Cryolipolyse<\/strong>, <strong>TruSculpt ID<\/strong> und <strong>Fett-weg-Injektionen<\/strong> sind die bevorzugte Wahl zur Behandlung des Doppelkinns.<\/p><p>Ein weiteres Problem im Kinnbereich ist die <strong>Erschlaffung der Haut<\/strong> infolge eines R\u00fcckgangs der Kollagenproduktion. Hier bieten <strong>Radiofrequenzbehandlungen<\/strong> oder <strong>Fadenlifting<\/strong> die ideale L\u00f6sung. Durch die Erw\u00e4rmung der tieferen Hautschichten wird die Kollagenbildung stimuliert und die Haut sichtbar gestrafft \u2013 eines der fr\u00fchesten Anzeichen der Hautalterung kann so effektiv reduziert werden.<br \/>Das Ergebnis ist ein strafferes, j\u00fcngeres Aussehen \u2013 oft mit einem Verj\u00fcngungseffekt von <strong>3\u2013<\/strong><strong>5 Jahren<\/strong>.<\/p><p>Bei manchen Patienten treten beide Probleme \u2013 \u00fcbersch\u00fcssiges Fettgewebe <em>und<\/em> Hauterschlaffung \u2013 gleichzeitig auf. Nach einer \u00e4rztlichen Untersuchung wird individuell entschieden, welche Behandlung am besten geeignet ist.<\/p><h2><strong>Wie funktionieren Doppelkinn-Behandlungen?<\/strong><\/h2><p>Kombinierte <strong>Mikroneedling- und Radiofrequenztechnologien<\/strong> bewirken eine fortgeschrittene Straffung und Hautverj\u00fcngung. Durch mikroskopisch feine Nadeln wird thermische Energie in die tieferen Hautschichten abgegeben. Dies stimuliert die Produktion von <strong>Kollagen<\/strong>, <strong>Elastin<\/strong> und <strong>Hyalurons<\/strong><strong>\u00e4<\/strong><strong>ure<\/strong> \u2013 den drei zentralen Bausteinen der Haut.<br \/>So wird der nat\u00fcrliche Regenerationsprozess angeregt und die Doppelkinnregion sichtbar gestrafft.<\/p><h2><strong>Wie viele Sitzungen sind notwendig?<\/strong><\/h2><p>Die Anzahl der Sitzungen h\u00e4ngt von der gew\u00e4hlten Behandlungsmethode sowie der Ursache des Problems ab:<\/p><ul><li><strong>Cryolipolyse:<\/strong> 1\u20132 Sitzungen<\/li><li><strong>Fett-weg-Injektionen:<\/strong> 2\u20133 Sitzungen<\/li><li><strong>TruSculpt ID:<\/strong> 2\u20133 Sitzungen<\/li><li><strong>Morpheus 8 RF Microneedling:<\/strong> 2\u20133 Sitzungen<\/li><li><strong>Profound RF Microneedling:<\/strong> 1 Sitzung<\/li><\/ul><h3><strong>Sind Doppelkinn-Behandlungen sicher?<\/strong><\/h3><p>Ja. <strong>Profound RF<\/strong>, <strong>Cryolipolyse<\/strong>, <strong>TruSculpt ID<\/strong> und <strong>Morpheus 8<\/strong> sind klinisch erprobte und <strong>FDA-zertifizierte<\/strong>Behandlungsmethoden.<\/p><h3><strong>Wie werden die Kosten bestimmt?<\/strong><\/h3><p>Die Kosten richten sich nach der gew\u00e4hlten Behandlungsmethode.<br \/>F\u00fcr detaillierte Informationen zu den Preisen kontaktieren Sie bitte unsere Klinik.<\/p><\/div>\n\t\t\t\t<\/div>\n\t\t\t\t<\/div>\n\t\t\t\t\t\t<\/div>\n\t\t\t\t\t<\/div>\n\t\t<\/div>\n\t\t\t\t\t\t\t\t<\/div>\n\t\t\t\t\t<\/div>\n\t\t<\/section>\n\t\t\t\t<section class=\"elementor-section elementor-top-section elementor-element elementor-element-2aa7576 elementor-section-full_width elementor-section-height-default elementor-section-height-default qodef-elementor-content-no\" data-id=\"2aa7576\" data-element_type=\"section\" data-settings=\"{&quot;background_background&quot;:&quot;classic&quot;}\">\n\t\t\t\t\t\t<div class=\"elementor-container elementor-column-gap-default\">\n\t\t\t\t\t\t\t<div class=\"elementor-row\">\n\t\t\t\t\t<div class=\"elementor-column elementor-col-50 elementor-top-column elementor-element elementor-element-abe1d81\" data-id=\"abe1d81\" data-element_type=\"column\" data-settings=\"{&quot;background_background&quot;:&quot;classic&quot;}\">\n\t\t\t<div class=\"elementor-column-wrap elementor-element-populated\">\n\t\t\t\t\t\t\t<div class=\"elementor-widget-wrap\">\n\t\t\t\t\t\t<div class=\"elementor-element elementor-element-11d3d06 elementor-widget elementor-widget-touchup_core_section_title\" data-id=\"11d3d06\" data-element_type=\"widget\" data-widget_type=\"touchup_core_section_title.default\">\n\t\t\t\t<div class=\"elementor-widget-container\">\n\t\t\t<div class=\"qodef-shortcode qodef-m  qodef-section-title qodef-alignment--left  \">\n\t\t<h2 class=\"qodef-m-title\" >\n\t\t\t\t\tKontakt aufnehmen\t\t\t<\/h2>\n\t<\/div>\t\t<\/div>\n\t\t\t\t<\/div>\n\t\t\t\t<div class=\"elementor-element elementor-element-b387d45 elementor-widget elementor-widget-touchup_core_custom_font\" data-id=\"b387d45\" data-element_type=\"widget\" data-widget_type=\"touchup_core_custom_font.default\">\n\t\t\t\t<div class=\"elementor-widget-container\">\n\t\t\t<p class=\"qodef-shortcode qodef-m  qodef-custom-font qodef-custom-font-9340 qodef-layout--simple\" style=\"color: #F7847E;font-family: roboto;font-size: 12px;letter-spacing: 3px;font-weight: 400\">Haben Sie Fragen dazu?<\/p>\t\t<\/div>\n\t\t\t\t<\/div>\n\t\t\t\t<div class=\"elementor-element elementor-element-0622b34 elementor-widget elementor-widget-wp-widget-touchup_core_contact_form_7\" data-id=\"0622b34\" data-element_type=\"widget\" data-widget_type=\"wp-widget-touchup_core_contact_form_7.default\">\n\t\t\t\t<div class=\"elementor-widget-container\">\n\t\t\t\t\t\t<div class=\"qodef-contact-form-7\">\n\t\t\t\t<div role=\"form\" class=\"wpcf7\" id=\"wpcf7-f5274-o1\" lang=\"en-US\" dir=\"ltr\">\n<div class=\"screen-reader-response\" role=\"alert\" aria-live=\"polite\"><\/div>\n<form action=\"\/de\/wp-json\/wp\/v2\/pages\/9432#wpcf7-f5274-o1\" method=\"post\" class=\"wpcf7-form init\" novalidate=\"novalidate\">\n<div style=\"display: none;\">\n<input type=\"hidden\" name=\"_wpcf7\" value=\"5274\" \/>\n<input type=\"hidden\" name=\"_wpcf7_version\" value=\"5.2.2\" \/>\n<input type=\"hidden\" name=\"_wpcf7_locale\" value=\"en_US\" \/>\n<input type=\"hidden\" name=\"_wpcf7_unit_tag\" value=\"wpcf7-f5274-o1\" \/>\n<input type=\"hidden\" name=\"_wpcf7_container_post\" value=\"0\" \/>\n<input type=\"hidden\" name=\"_wpcf7_posted_data_hash\" value=\"\" \/>\n<\/div>\n<div class=\"contact-us\">\n<span class=\"wpcf7-form-control-wrap your-name\"><input type=\"text\" name=\"your-name\" value=\"\" size=\"40\" class=\"wpcf7-form-control wpcf7-text wpcf7-validates-as-required\" aria-required=\"true\" aria-invalid=\"false\" placeholder=\"Vollst\u00e4ndiger Name\" \/><\/span><br \/>\n<span class=\"wpcf7-form-control-wrap\" data-name=\"your-phone\"><input type=\"text\" name=\"your-phone\" value=\"\" size=\"40\" class=\"wpcf7-form-control wpcf7-text wpcf7-phonetext wpcf7-validates-as-required wpcf7-validates-as-phonetext\" aria-required=\"true\" aria-invalid=\"false\" placeholder=\"Telefonnummer\" \/><input type=\"hidden\" name=\"your-phone-country-code\" class=\"wpcf7-phonetext-country-code\" \/><\/span><br \/>\n<span class=\"wpcf7-form-control-wrap your-email\"><input type=\"email\" name=\"your-email\" value=\"\" size=\"40\" class=\"wpcf7-form-control wpcf7-text wpcf7-email wpcf7-validates-as-required wpcf7-validates-as-email\" aria-required=\"true\" aria-invalid=\"false\" placeholder=\"E-mail\" \/><\/span><br \/>\n<span class=\"wpcf7-form-control-wrap your-message\"><textarea name=\"your-message\" cols=\"40\" rows=\"2\" class=\"wpcf7-form-control wpcf7-textarea\" aria-invalid=\"false\" placeholder=\"Textnachricht\"><\/textarea><\/span><br \/>\n<button type=\"submit\" class=\"wpcf7-form-control wpcf7-submit qodef-button qodef-size--normal qodef-type--filled qodef-m\"><span class=\"qodef-m-text\">Senden<\/span><\/button>\n<\/div>\n<div class=\"wpcf7-response-output\" role=\"alert\" aria-hidden=\"true\"><\/div><\/form><\/div>\t\t\t<\/div>\n\t\t\t\t\t<\/div>\n\t\t\t\t<\/div>\n\t\t\t\t\t\t<\/div>\n\t\t\t\t\t<\/div>\n\t\t<\/div>\n\t\t\t\t<div class=\"elementor-column elementor-col-50 elementor-top-column elementor-element elementor-element-d468c6c\" data-id=\"d468c6c\" data-element_type=\"column\" data-settings=\"{&quot;background_background&quot;:&quot;classic&quot;}\">\n\t\t\t<div class=\"elementor-column-wrap elementor-element-populated\">\n\t\t\t\t\t\t\t<div class=\"elementor-widget-wrap\">\n\t\t\t\t\t\t<div class=\"elementor-element elementor-element-946a34f elementor-widget elementor-widget-touchup_core_image_with_text\" data-id=\"946a34f\" data-element_type=\"widget\" data-widget_type=\"touchup_core_image_with_text.default\">\n\t\t\t\t<div class=\"elementor-widget-container\">\n\t\t\t<div class=\"qodef-shortcode qodef-m  qodef-image-with-text qodef-layout--text-below qodef-alignment--left  \">\n\t<div class=\"qodef-m-image\">\n\t\t\t<img width=\"1920\" height=\"1200\" src=\"https:\/\/drattilaaydin.com\/de\/wp-content\/uploads\/2020\/03\/our-services-11.jpg\" class=\"attachment-full size-full\" alt=\"s\" loading=\"lazy\" srcset=\"https:\/\/drattilaaydin.com\/de\/wp-content\/uploads\/2020\/03\/our-services-11.jpg 1920w, https:\/\/drattilaaydin.com\/de\/wp-content\/uploads\/2020\/03\/our-services-11-300x188.jpg 300w, https:\/\/drattilaaydin.com\/de\/wp-content\/uploads\/2020\/03\/our-services-11-1024x640.jpg 1024w, https:\/\/drattilaaydin.com\/de\/wp-content\/uploads\/2020\/03\/our-services-11-768x480.jpg 768w, https:\/\/drattilaaydin.com\/de\/wp-content\/uploads\/2020\/03\/our-services-11-1536x960.jpg 1536w\" sizes=\"(max-width: 1920px) 100vw, 1920px\" \/>\t<\/div>\t<div class=\"qodef-m-content\">\n\t\t\t\t\t<\/div>\n<\/div>\t\t<\/div>\n\t\t\t\t<\/div>\n\t\t\t\t\t\t<\/div>\n\t\t\t\t\t<\/div>\n\t\t<\/div>\n\t\t\t\t\t\t\t\t<\/div>\n\t\t\t\t\t<\/div>\n\t\t<\/section>\n\t\t\t\t\t\t<\/div>\n\t\t\t\t\t\t<\/div>\n\t\t\t\t\t<\/div>\n\t\t","protected":false},"excerpt":{"rendered":"<p>Definieren Sie Ihre Kieferlinie: Doppelkinn-Reduktion Eine ausgepr\u00e4gte und definierte Kieferkontur steht in engem Zusammenhang mit einem attraktiven Erscheinungsbild. Behandlungen mit geringer Haltbarkeit reichen oft nicht aus, um das gew\u00fcnschte Ergebnis zu erzielen. Die sogenannten Jawline-Filler-Behandlungen, die in letzter Zeit sehr beliebt geworden sind, bieten nur kurzfristige Ergebnisse. Im Laufe der Zeit k\u00f6nnen sich Filler auf [&hellip;]<\/p>\n","protected":false},"author":1,"featured_media":0,"parent":0,"menu_order":0,"comment_status":"closed","ping_status":"closed","template":"page-full-width.php","meta":[],"_links":{"self":[{"href":"https:\/\/drattilaaydin.com\/de\/wp-json\/wp\/v2\/pages\/9432"}],"collection":[{"href":"https:\/\/drattilaaydin.com\/de\/wp-json\/wp\/v2\/pages"}],"about":[{"href":"https:\/\/drattilaaydin.com\/de\/wp-json\/wp\/v2\/types\/page"}],"author":[{"embeddable":true,"href":"https:\/\/drattilaaydin.com\/de\/wp-json\/wp\/v2\/users\/1"}],"replies":[{"embeddable":true,"href":"https:\/\/drattilaaydin.com\/de\/wp-json\/wp\/v2\/comments?post=9432"}],"version-history":[{"count":11,"href":"https:\/\/drattilaaydin.com\/de\/wp-json\/wp\/v2\/pages\/9432\/revisions"}],"predecessor-version":[{"id":11942,"href":"https:\/\/drattilaaydin.com\/de\/wp-json\/wp\/v2\/pages\/9432\/revisions\/11942"}],"wp:attachment":[{"href":"https:\/\/drattilaaydin.com\/de\/wp-json\/wp\/v2\/media?parent=9432"}],"curies":[{"name":"wp","href":"https:\/\/api.w.org\/{rel}","templated":true}]}}